{"id":403,"date":"2024-01-31T18:02:30","date_gmt":"2024-01-31T17:02:30","guid":{"rendered":"https:\/\/montespina.ms2.decms.eu\/?page_id=403"},"modified":"2024-04-12T16:43:08","modified_gmt":"2024-04-12T14:43:08","slug":"chambre-double-standard","status":"publish","type":"page","link":"https:\/\/www.montespina.com\/fr\/chambres-et-suites\/chambre-double-standard\/","title":{"rendered":"Double Standard"},"content":{"rendered":"<p>La chambre double standard se caract\u00e9rise par des tons chauds et accueillants et a une superficie de 18-20 m\u00e8tres carr\u00e9s. Elle est \u00e9quip\u00e9e de la climatisation, d&rsquo;un minibar, de produits de bain gratuits, d&rsquo;une t\u00e9l\u00e9vision \u00e0 \u00e9cran plat, d&rsquo;une connexion Wi-Fi et offre une vue sur le jardin ou la cour int\u00e9rieure.<\/p>\n","protected":false},"excerpt":{"rendered":"<p>La chambre double standard se caract\u00e9rise par des tons chauds et accueillants et a une superficie de 18-20 m\u00e8tres carr\u00e9s. Elle est \u00e9quip\u00e9e de la climatisation, d&rsquo;un minibar, de produits de bain gratuits, d&rsquo;une t\u00e9l\u00e9vision \u00e0 \u00e9cran plat, d&rsquo;une connexion Wi-Fi et offre une vue sur le jardin ou la cour int\u00e9rieure.<\/p>\n","protected":false},"author":26,"featured_media":0,"parent":279,"menu_order":10,"comment_status":"closed","ping_status":"closed","template":"template-single-room.php","meta":{"footnotes":""},"yoast_head":"<!-- This site is optimized with the Yoast SEO plugin v22.3 - https:\/\/yoast.com\/wordpress\/plugins\/seo\/ -->\n<title>Double Standard &#183; Hotel Montespina &#183;<\/title>\n<meta name=\"description\" content=\"La chambre double standard se caract\u00e9rise par des tons chauds et accueillants et a une superficie de 18-20 m\u00e8tres carr\u00e9s. Elle est \u00e9quip\u00e9e de la climatisation, d&#039;un minibar, de produits de bain gratuits, d&#039;une t\u00e9l\u00e9vision \u00e0 \u00e9cran plat, d&#039;une connexion Wi-Fi et offre une vue sur le jardin ou la cour int\u00e9rieure.\" \/>\n<meta name=\"robots\" content=\"index, follow, max-snippet:-1, max-image-preview:large, max-video-preview:-1\" \/>\n<link rel=\"canonical\" href=\"https:\/\/www.montespina.com\/fr\/chambres-et-suites\/chambre-double-standard\/\" \/>\n<meta property=\"og:locale\" content=\"fr_FR\" \/>\n<meta property=\"og:type\" content=\"article\" \/>\n<meta property=\"og:title\" content=\"Double Standard &#183; Hotel Montespina &#183;\" \/>\n<meta property=\"og:description\" content=\"La chambre double standard se caract\u00e9rise par des tons chauds et accueillants et a une superficie de 18-20 m\u00e8tres carr\u00e9s. Elle est \u00e9quip\u00e9e de la climatisation, d&#039;un minibar, de produits de bain gratuits, d&#039;une t\u00e9l\u00e9vision \u00e0 \u00e9cran plat, d&#039;une connexion Wi-Fi et offre une vue sur le jardin ou la cour int\u00e9rieure.\" \/>\n<meta property=\"og:url\" content=\"https:\/\/www.montespina.com\/fr\/chambres-et-suites\/chambre-double-standard\/\" \/>\n<meta property=\"og:site_name\" content=\"Hotel Montespina\" \/>\n<meta property=\"article:modified_time\" content=\"2024-04-12T14:43:08+00:00\" \/>\n<meta name=\"twitter:card\" content=\"summary_large_image\" \/>\n<meta name=\"twitter:label1\" content=\"Dur\u00e9e de lecture estim\u00e9e\" \/>\n\t<meta name=\"twitter:data1\" content=\"1 minute\" \/>\n<script type=\"application\/ld+json\" class=\"yoast-schema-graph\">{\"@context\":\"https:\/\/schema.org\",\"@graph\":[{\"@type\":\"WebPage\",\"@id\":\"https:\/\/www.montespina.com\/fr\/chambres-et-suites\/chambre-double-standard\/\",\"url\":\"https:\/\/www.montespina.com\/fr\/chambres-et-suites\/chambre-double-standard\/\",\"name\":\"Double Standard &#183; Hotel Montespina &#183;\",\"isPartOf\":{\"@id\":\"https:\/\/www.montespina.com\/fr\/#website\"},\"datePublished\":\"2024-01-31T17:02:30+00:00\",\"dateModified\":\"2024-04-12T14:43:08+00:00\",\"description\":\"La chambre double standard se caract\u00e9rise par des tons chauds et accueillants et a une superficie de 18-20 m\u00e8tres carr\u00e9s. Elle est \u00e9quip\u00e9e de la climatisation, d'un minibar, de produits de bain gratuits, d'une t\u00e9l\u00e9vision \u00e0 \u00e9cran plat, d'une connexion Wi-Fi et offre une vue sur le jardin ou la cour int\u00e9rieure.\",\"breadcrumb\":{\"@id\":\"https:\/\/www.montespina.com\/fr\/chambres-et-suites\/chambre-double-standard\/#breadcrumb\"},\"inLanguage\":\"fr-FR\",\"potentialAction\":[{\"@type\":\"ReadAction\",\"target\":[\"https:\/\/www.montespina.com\/fr\/chambres-et-suites\/chambre-double-standard\/\"]}]},{\"@type\":\"BreadcrumbList\",\"@id\":\"https:\/\/www.montespina.com\/fr\/chambres-et-suites\/chambre-double-standard\/#breadcrumb\",\"itemListElement\":[{\"@type\":\"ListItem\",\"position\":1,\"name\":\"Home\",\"item\":\"https:\/\/www.montespina.com\/fr\/\"},{\"@type\":\"ListItem\",\"position\":2,\"name\":\"Chambres et Suites\",\"item\":\"https:\/\/www.montespina.com\/fr\/chambres-et-suites\/\"},{\"@type\":\"ListItem\",\"position\":3,\"name\":\"Double Standard\"}]},{\"@type\":\"WebSite\",\"@id\":\"https:\/\/www.montespina.com\/fr\/#website\",\"url\":\"https:\/\/www.montespina.com\/fr\/\",\"name\":\"Hotel Montespina\",\"description\":\"\",\"potentialAction\":[{\"@type\":\"SearchAction\",\"target\":{\"@type\":\"EntryPoint\",\"urlTemplate\":\"https:\/\/www.montespina.com\/fr\/?s={search_term_string}\"},\"query-input\":\"required name=search_term_string\"}],\"inLanguage\":\"fr-FR\"}]}<\/script>\n<!-- \/ Yoast SEO plugin. -->","yoast_head_json":{"title":"Double Standard &#183; Hotel Montespina &#183;","description":"La chambre double standard se caract\u00e9rise par des tons chauds et accueillants et a une superficie de 18-20 m\u00e8tres carr\u00e9s. Elle est \u00e9quip\u00e9e de la climatisation, d'un minibar, de produits de bain gratuits, d'une t\u00e9l\u00e9vision \u00e0 \u00e9cran plat, d'une connexion Wi-Fi et offre une vue sur le jardin ou la cour int\u00e9rieure.","robots":{"index":"index","follow":"follow","max-snippet":"max-snippet:-1","max-image-preview":"max-image-preview:large","max-video-preview":"max-video-preview:-1"},"canonical":"https:\/\/www.montespina.com\/fr\/chambres-et-suites\/chambre-double-standard\/","og_locale":"fr_FR","og_type":"article","og_title":"Double Standard &#183; Hotel Montespina &#183;","og_description":"La chambre double standard se caract\u00e9rise par des tons chauds et accueillants et a une superficie de 18-20 m\u00e8tres carr\u00e9s. Elle est \u00e9quip\u00e9e de la climatisation, d'un minibar, de produits de bain gratuits, d'une t\u00e9l\u00e9vision \u00e0 \u00e9cran plat, d'une connexion Wi-Fi et offre une vue sur le jardin ou la cour int\u00e9rieure.","og_url":"https:\/\/www.montespina.com\/fr\/chambres-et-suites\/chambre-double-standard\/","og_site_name":"Hotel Montespina","article_modified_time":"2024-04-12T14:43:08+00:00","twitter_card":"summary_large_image","twitter_misc":{"Dur\u00e9e de lecture estim\u00e9e":"1 minute"},"schema":{"@context":"https:\/\/schema.org","@graph":[{"@type":"WebPage","@id":"https:\/\/www.montespina.com\/fr\/chambres-et-suites\/chambre-double-standard\/","url":"https:\/\/www.montespina.com\/fr\/chambres-et-suites\/chambre-double-standard\/","name":"Double Standard &#183; Hotel Montespina &#183;","isPartOf":{"@id":"https:\/\/www.montespina.com\/fr\/#website"},"datePublished":"2024-01-31T17:02:30+00:00","dateModified":"2024-04-12T14:43:08+00:00","description":"La chambre double standard se caract\u00e9rise par des tons chauds et accueillants et a une superficie de 18-20 m\u00e8tres carr\u00e9s. Elle est \u00e9quip\u00e9e de la climatisation, d'un minibar, de produits de bain gratuits, d'une t\u00e9l\u00e9vision \u00e0 \u00e9cran plat, d'une connexion Wi-Fi et offre une vue sur le jardin ou la cour int\u00e9rieure.","breadcrumb":{"@id":"https:\/\/www.montespina.com\/fr\/chambres-et-suites\/chambre-double-standard\/#breadcrumb"},"inLanguage":"fr-FR","potentialAction":[{"@type":"ReadAction","target":["https:\/\/www.montespina.com\/fr\/chambres-et-suites\/chambre-double-standard\/"]}]},{"@type":"BreadcrumbList","@id":"https:\/\/www.montespina.com\/fr\/chambres-et-suites\/chambre-double-standard\/#breadcrumb","itemListElement":[{"@type":"ListItem","position":1,"name":"Home","item":"https:\/\/www.montespina.com\/fr\/"},{"@type":"ListItem","position":2,"name":"Chambres et Suites","item":"https:\/\/www.montespina.com\/fr\/chambres-et-suites\/"},{"@type":"ListItem","position":3,"name":"Double Standard"}]},{"@type":"WebSite","@id":"https:\/\/www.montespina.com\/fr\/#website","url":"https:\/\/www.montespina.com\/fr\/","name":"Hotel Montespina","description":"","potentialAction":[{"@type":"SearchAction","target":{"@type":"EntryPoint","urlTemplate":"https:\/\/www.montespina.com\/fr\/?s={search_term_string}"},"query-input":"required name=search_term_string"}],"inLanguage":"fr-FR"}]}},"acf":[],"_links":{"self":[{"href":"https:\/\/www.montespina.com\/fr\/wp-json\/wp\/v2\/pages\/403"}],"collection":[{"href":"https:\/\/www.montespina.com\/fr\/wp-json\/wp\/v2\/pages"}],"about":[{"href":"https:\/\/www.montespina.com\/fr\/wp-json\/wp\/v2\/types\/page"}],"author":[{"embeddable":true,"href":"https:\/\/www.montespina.com\/fr\/wp-json\/wp\/v2\/users\/26"}],"replies":[{"embeddable":true,"href":"https:\/\/www.montespina.com\/fr\/wp-json\/wp\/v2\/comments?post=403"}],"version-history":[{"count":0,"href":"https:\/\/www.montespina.com\/fr\/wp-json\/wp\/v2\/pages\/403\/revisions"}],"up":[{"embeddable":true,"href":"https:\/\/www.montespina.com\/fr\/wp-json\/wp\/v2\/pages\/279"}],"wp:attachment":[{"href":"https:\/\/www.montespina.com\/fr\/wp-json\/wp\/v2\/media?parent=403"}],"curies":[{"name":"wp","href":"https:\/\/api.w.org\/{rel}","templated":true}]}}