{"id":399,"date":"2024-01-31T18:06:41","date_gmt":"2024-01-31T17:06:41","guid":{"rendered":"https:\/\/montespina.ms2.decms.eu\/?page_id=399"},"modified":"2024-04-12T16:47:17","modified_gmt":"2024-04-12T14:47:17","slug":"chambre-deluxe-moderne","status":"publish","type":"page","link":"https:\/\/www.montespina.com\/fr\/chambres-et-suites\/chambre-deluxe-moderne\/","title":{"rendered":"Deluxe Moderne"},"content":{"rendered":"<p>La chambre deluxe est situ\u00e9e dans le b\u00e2timent central de l&rsquo;h\u00f4tel et a une superficie d&rsquo;environ 26 m\u00e8tres carr\u00e9s. Elle offre des espaces modernes et \u00e9quip\u00e9s, y compris un miroir avec interrupteur tactile. Elle dispose \u00e9galement de la climatisation, d&rsquo;un minibar, de produits de bain gratuits, d&rsquo;une t\u00e9l\u00e9vision \u00e0 \u00e9cran plat et d&rsquo;une connexion Wi-Fi.<\/p>\n","protected":false},"excerpt":{"rendered":"<p>La chambre deluxe est situ\u00e9e dans le b\u00e2timent central de l&rsquo;h\u00f4tel et a une superficie d&rsquo;environ 26 m\u00e8tres carr\u00e9s. Elle offre des espaces modernes et \u00e9quip\u00e9s, y compris un miroir avec interrupteur tactile. Elle dispose \u00e9galement de la climatisation, d&rsquo;un minibar, de produits de bain gratuits, d&rsquo;une t\u00e9l\u00e9vision \u00e0 \u00e9cran plat et d&rsquo;une connexion Wi-Fi.<\/p>\n","protected":false},"author":26,"featured_media":0,"parent":279,"menu_order":40,"comment_status":"closed","ping_status":"closed","template":"template-single-room.php","meta":{"footnotes":""},"class_list":["post-399","page","type-page","status-publish","hentry"],"yoast_head":"<!-- This site is optimized with the Yoast SEO plugin v27.3 - https:\/\/yoast.com\/product\/yoast-seo-wordpress\/ -->\n<title>Deluxe Moderne &#183; Hotel Montespina &#183;<\/title>\n<meta name=\"description\" content=\"La chambre deluxe est situ\u00e9e dans le b\u00e2timent central de l&#039;h\u00f4tel et a une superficie d&#039;environ 26 m\u00e8tres carr\u00e9s. Elle offre des espaces modernes et \u00e9quip\u00e9s, y compris un miroir avec interrupteur tactile\" \/>\n<meta name=\"robots\" content=\"index, follow, max-snippet:-1, max-image-preview:large, max-video-preview:-1\" \/>\n<link rel=\"canonical\" href=\"https:\/\/www.montespina.com\/fr\/chambres-et-suites\/chambre-deluxe-moderne\/\" \/>\n<meta property=\"og:locale\" content=\"fr_FR\" \/>\n<meta property=\"og:type\" content=\"article\" \/>\n<meta property=\"og:title\" content=\"Deluxe Moderne &#183; Hotel Montespina &#183;\" \/>\n<meta property=\"og:description\" content=\"La chambre deluxe est situ\u00e9e dans le b\u00e2timent central de l&#039;h\u00f4tel et a une superficie d&#039;environ 26 m\u00e8tres carr\u00e9s. Elle offre des espaces modernes et \u00e9quip\u00e9s, y compris un miroir avec interrupteur tactile\" \/>\n<meta property=\"og:url\" content=\"https:\/\/www.montespina.com\/fr\/chambres-et-suites\/chambre-deluxe-moderne\/\" \/>\n<meta property=\"og:site_name\" content=\"Hotel Montespina\" \/>\n<meta property=\"article:modified_time\" content=\"2024-04-12T14:47:17+00:00\" \/>\n<meta name=\"twitter:card\" content=\"summary_large_image\" \/>\n<meta name=\"twitter:label1\" content=\"Dur\u00e9e de lecture estim\u00e9e\" \/>\n\t<meta name=\"twitter:data1\" content=\"1 minute\" \/>\n<script type=\"application\/ld+json\" class=\"yoast-schema-graph\">{\"@context\":\"https:\\\/\\\/schema.org\",\"@graph\":[{\"@type\":\"WebPage\",\"@id\":\"https:\\\/\\\/www.montespina.com\\\/fr\\\/chambres-et-suites\\\/chambre-deluxe-moderne\\\/\",\"url\":\"https:\\\/\\\/www.montespina.com\\\/fr\\\/chambres-et-suites\\\/chambre-deluxe-moderne\\\/\",\"name\":\"Deluxe Moderne &#183; Hotel Montespina &#183;\",\"isPartOf\":{\"@id\":\"https:\\\/\\\/www.montespina.com\\\/fr\\\/#website\"},\"datePublished\":\"2024-01-31T17:06:41+00:00\",\"dateModified\":\"2024-04-12T14:47:17+00:00\",\"description\":\"La chambre deluxe est situ\u00e9e dans le b\u00e2timent central de l'h\u00f4tel et a une superficie d'environ 26 m\u00e8tres carr\u00e9s. Elle offre des espaces modernes et \u00e9quip\u00e9s, y compris un miroir avec interrupteur tactile\",\"breadcrumb\":{\"@id\":\"https:\\\/\\\/www.montespina.com\\\/fr\\\/chambres-et-suites\\\/chambre-deluxe-moderne\\\/#breadcrumb\"},\"inLanguage\":\"fr-FR\",\"potentialAction\":[{\"@type\":\"ReadAction\",\"target\":[\"https:\\\/\\\/www.montespina.com\\\/fr\\\/chambres-et-suites\\\/chambre-deluxe-moderne\\\/\"]}]},{\"@type\":\"BreadcrumbList\",\"@id\":\"https:\\\/\\\/www.montespina.com\\\/fr\\\/chambres-et-suites\\\/chambre-deluxe-moderne\\\/#breadcrumb\",\"itemListElement\":[{\"@type\":\"ListItem\",\"position\":1,\"name\":\"Home\",\"item\":\"https:\\\/\\\/www.montespina.com\\\/fr\\\/\"},{\"@type\":\"ListItem\",\"position\":2,\"name\":\"Chambres et Suites\",\"item\":\"https:\\\/\\\/www.montespina.com\\\/fr\\\/chambres-et-suites\\\/\"},{\"@type\":\"ListItem\",\"position\":3,\"name\":\"Deluxe Moderne\"}]},{\"@type\":\"WebSite\",\"@id\":\"https:\\\/\\\/www.montespina.com\\\/fr\\\/#website\",\"url\":\"https:\\\/\\\/www.montespina.com\\\/fr\\\/\",\"name\":\"Hotel Montespina\",\"description\":\"\",\"potentialAction\":[{\"@type\":\"SearchAction\",\"target\":{\"@type\":\"EntryPoint\",\"urlTemplate\":\"https:\\\/\\\/www.montespina.com\\\/fr\\\/?s={search_term_string}\"},\"query-input\":{\"@type\":\"PropertyValueSpecification\",\"valueRequired\":true,\"valueName\":\"search_term_string\"}}],\"inLanguage\":\"fr-FR\"}]}<\/script>\n<!-- \/ Yoast SEO plugin. -->","yoast_head_json":{"title":"Deluxe Moderne &#183; Hotel Montespina &#183;","description":"La chambre deluxe est situ\u00e9e dans le b\u00e2timent central de l'h\u00f4tel et a une superficie d'environ 26 m\u00e8tres carr\u00e9s. Elle offre des espaces modernes et \u00e9quip\u00e9s, y compris un miroir avec interrupteur tactile","robots":{"index":"index","follow":"follow","max-snippet":"max-snippet:-1","max-image-preview":"max-image-preview:large","max-video-preview":"max-video-preview:-1"},"canonical":"https:\/\/www.montespina.com\/fr\/chambres-et-suites\/chambre-deluxe-moderne\/","og_locale":"fr_FR","og_type":"article","og_title":"Deluxe Moderne &#183; Hotel Montespina &#183;","og_description":"La chambre deluxe est situ\u00e9e dans le b\u00e2timent central de l'h\u00f4tel et a une superficie d'environ 26 m\u00e8tres carr\u00e9s. Elle offre des espaces modernes et \u00e9quip\u00e9s, y compris un miroir avec interrupteur tactile","og_url":"https:\/\/www.montespina.com\/fr\/chambres-et-suites\/chambre-deluxe-moderne\/","og_site_name":"Hotel Montespina","article_modified_time":"2024-04-12T14:47:17+00:00","twitter_card":"summary_large_image","twitter_misc":{"Dur\u00e9e de lecture estim\u00e9e":"1 minute"},"schema":{"@context":"https:\/\/schema.org","@graph":[{"@type":"WebPage","@id":"https:\/\/www.montespina.com\/fr\/chambres-et-suites\/chambre-deluxe-moderne\/","url":"https:\/\/www.montespina.com\/fr\/chambres-et-suites\/chambre-deluxe-moderne\/","name":"Deluxe Moderne &#183; Hotel Montespina &#183;","isPartOf":{"@id":"https:\/\/www.montespina.com\/fr\/#website"},"datePublished":"2024-01-31T17:06:41+00:00","dateModified":"2024-04-12T14:47:17+00:00","description":"La chambre deluxe est situ\u00e9e dans le b\u00e2timent central de l'h\u00f4tel et a une superficie d'environ 26 m\u00e8tres carr\u00e9s. Elle offre des espaces modernes et \u00e9quip\u00e9s, y compris un miroir avec interrupteur tactile","breadcrumb":{"@id":"https:\/\/www.montespina.com\/fr\/chambres-et-suites\/chambre-deluxe-moderne\/#breadcrumb"},"inLanguage":"fr-FR","potentialAction":[{"@type":"ReadAction","target":["https:\/\/www.montespina.com\/fr\/chambres-et-suites\/chambre-deluxe-moderne\/"]}]},{"@type":"BreadcrumbList","@id":"https:\/\/www.montespina.com\/fr\/chambres-et-suites\/chambre-deluxe-moderne\/#breadcrumb","itemListElement":[{"@type":"ListItem","position":1,"name":"Home","item":"https:\/\/www.montespina.com\/fr\/"},{"@type":"ListItem","position":2,"name":"Chambres et Suites","item":"https:\/\/www.montespina.com\/fr\/chambres-et-suites\/"},{"@type":"ListItem","position":3,"name":"Deluxe Moderne"}]},{"@type":"WebSite","@id":"https:\/\/www.montespina.com\/fr\/#website","url":"https:\/\/www.montespina.com\/fr\/","name":"Hotel Montespina","description":"","potentialAction":[{"@type":"SearchAction","target":{"@type":"EntryPoint","urlTemplate":"https:\/\/www.montespina.com\/fr\/?s={search_term_string}"},"query-input":{"@type":"PropertyValueSpecification","valueRequired":true,"valueName":"search_term_string"}}],"inLanguage":"fr-FR"}]}},"acf":[],"_links":{"self":[{"href":"https:\/\/www.montespina.com\/fr\/wp-json\/wp\/v2\/pages\/399","targetHints":{"allow":["GET"]}}],"collection":[{"href":"https:\/\/www.montespina.com\/fr\/wp-json\/wp\/v2\/pages"}],"about":[{"href":"https:\/\/www.montespina.com\/fr\/wp-json\/wp\/v2\/types\/page"}],"author":[{"embeddable":true,"href":"https:\/\/www.montespina.com\/fr\/wp-json\/wp\/v2\/users\/26"}],"replies":[{"embeddable":true,"href":"https:\/\/www.montespina.com\/fr\/wp-json\/wp\/v2\/comments?post=399"}],"version-history":[{"count":0,"href":"https:\/\/www.montespina.com\/fr\/wp-json\/wp\/v2\/pages\/399\/revisions"}],"up":[{"embeddable":true,"href":"https:\/\/www.montespina.com\/fr\/wp-json\/wp\/v2\/pages\/279"}],"wp:attachment":[{"href":"https:\/\/www.montespina.com\/fr\/wp-json\/wp\/v2\/media?parent=399"}],"curies":[{"name":"wp","href":"https:\/\/api.w.org\/{rel}","templated":true}]}}