{"id":364,"date":"2024-01-31T11:50:21","date_gmt":"2024-01-31T10:50:21","guid":{"rendered":"https:\/\/montespina.ms2.decms.eu\/?page_id=364"},"modified":"2024-04-12T16:16:40","modified_gmt":"2024-04-12T14:16:40","slug":"ou-nous-sommes","status":"publish","type":"page","link":"https:\/\/www.montespina.com\/fr\/ou-nous-sommes\/","title":{"rendered":"O\u00f9 nous sommes"},"content":{"rendered":"<p>L&rsquo;H\u00f4tel Montespina b\u00e9n\u00e9ficie d&rsquo;un emplacement strat\u00e9gique, \u00e0 seulement une courte distance du centre d&rsquo;exposition de la Mostra d&rsquo;Oltremare (\u00e0 500 m\u00e8tres de l&rsquo;entr\u00e9e du parking de la Via Terracina) et de la Citt\u00e0 della Scienza (\u00e0 1,5 km), cette derni\u00e8re \u00e9tant non seulement connue comme un grand centre de congr\u00e8s, mais aussi comme une institution d\u00e9di\u00e9e \u00e0 la diffusion des connaissances en science et technologie.<\/p>\n","protected":false},"excerpt":{"rendered":"<p>L&rsquo;H\u00f4tel Montespina b\u00e9n\u00e9ficie d&rsquo;un emplacement strat\u00e9gique, \u00e0 seulement une courte distance du centre d&rsquo;exposition de la Mostra d&rsquo;Oltremare (\u00e0 500 m\u00e8tres de l&rsquo;entr\u00e9e du parking de la Via Terracina) et de la Citt\u00e0 della Scienza (\u00e0 1,5 km), cette derni\u00e8re \u00e9tant non seulement connue comme un grand centre de congr\u00e8s, mais aussi comme une institution [&hellip;]<\/p>\n","protected":false},"author":26,"featured_media":0,"parent":0,"menu_order":60,"comment_status":"closed","ping_status":"closed","template":"template-location.php","meta":{"footnotes":""},"yoast_head":"<!-- This site is optimized with the Yoast SEO plugin v22.3 - https:\/\/yoast.com\/wordpress\/plugins\/seo\/ -->\n<title>O\u00f9 nous sommes &#183; Hotel Montespina &#183;<\/title>\n<meta name=\"description\" content=\"L&#039;H\u00f4tel Montespina b\u00e9n\u00e9ficie d&#039;un emplacement strat\u00e9gique, \u00e0 seulement une courte distance du centre d&#039;exposition de la Mostra d&#039;Oltremare (\u00e0 500 m\u00e8tres de l&#039;entr\u00e9e du parking de la Via Terracina) et de la Citt\u00e0 della Scienza (\u00e0 1,5 km), cette derni\u00e8re \u00e9tant non seulement connue comme un grand centre de congr\u00e8s, mais aussi comme une institution d\u00e9di\u00e9e \u00e0 la diffusion des connaissances en science et technologie..\" \/>\n<meta name=\"robots\" content=\"index, follow, max-snippet:-1, max-image-preview:large, max-video-preview:-1\" \/>\n<link rel=\"canonical\" href=\"https:\/\/www.montespina.com\/fr\/ou-nous-sommes\/\" \/>\n<meta property=\"og:locale\" content=\"fr_FR\" \/>\n<meta property=\"og:type\" content=\"article\" \/>\n<meta property=\"og:title\" content=\"O\u00f9 nous sommes &#183; Hotel Montespina &#183;\" \/>\n<meta property=\"og:description\" content=\"L&#039;H\u00f4tel Montespina b\u00e9n\u00e9ficie d&#039;un emplacement strat\u00e9gique, \u00e0 seulement une courte distance du centre d&#039;exposition de la Mostra d&#039;Oltremare (\u00e0 500 m\u00e8tres de l&#039;entr\u00e9e du parking de la Via Terracina) et de la Citt\u00e0 della Scienza (\u00e0 1,5 km), cette derni\u00e8re \u00e9tant non seulement connue comme un grand centre de congr\u00e8s, mais aussi comme une institution d\u00e9di\u00e9e \u00e0 la diffusion des connaissances en science et technologie..\" \/>\n<meta property=\"og:url\" content=\"https:\/\/www.montespina.com\/fr\/ou-nous-sommes\/\" \/>\n<meta property=\"og:site_name\" content=\"Hotel Montespina\" \/>\n<meta property=\"article:modified_time\" content=\"2024-04-12T14:16:40+00:00\" \/>\n<meta name=\"twitter:card\" content=\"summary_large_image\" \/>\n<meta name=\"twitter:label1\" content=\"Dur\u00e9e de lecture estim\u00e9e\" \/>\n\t<meta name=\"twitter:data1\" content=\"1 minute\" \/>\n<script type=\"application\/ld+json\" class=\"yoast-schema-graph\">{\"@context\":\"https:\/\/schema.org\",\"@graph\":[{\"@type\":\"WebPage\",\"@id\":\"https:\/\/www.montespina.com\/fr\/ou-nous-sommes\/\",\"url\":\"https:\/\/www.montespina.com\/fr\/ou-nous-sommes\/\",\"name\":\"O\u00f9 nous sommes &#183; Hotel Montespina &#183;\",\"isPartOf\":{\"@id\":\"https:\/\/www.montespina.com\/fr\/#website\"},\"datePublished\":\"2024-01-31T10:50:21+00:00\",\"dateModified\":\"2024-04-12T14:16:40+00:00\",\"description\":\"L'H\u00f4tel Montespina b\u00e9n\u00e9ficie d'un emplacement strat\u00e9gique, \u00e0 seulement une courte distance du centre d'exposition de la Mostra d'Oltremare (\u00e0 500 m\u00e8tres de l'entr\u00e9e du parking de la Via Terracina) et de la Citt\u00e0 della Scienza (\u00e0 1,5 km), cette derni\u00e8re \u00e9tant non seulement connue comme un grand centre de congr\u00e8s, mais aussi comme une institution d\u00e9di\u00e9e \u00e0 la diffusion des connaissances en science et technologie..\",\"breadcrumb\":{\"@id\":\"https:\/\/www.montespina.com\/fr\/ou-nous-sommes\/#breadcrumb\"},\"inLanguage\":\"fr-FR\",\"potentialAction\":[{\"@type\":\"ReadAction\",\"target\":[\"https:\/\/www.montespina.com\/fr\/ou-nous-sommes\/\"]}]},{\"@type\":\"BreadcrumbList\",\"@id\":\"https:\/\/www.montespina.com\/fr\/ou-nous-sommes\/#breadcrumb\",\"itemListElement\":[{\"@type\":\"ListItem\",\"position\":1,\"name\":\"Home\",\"item\":\"https:\/\/www.montespina.com\/fr\/\"},{\"@type\":\"ListItem\",\"position\":2,\"name\":\"O\u00f9 nous sommes\"}]},{\"@type\":\"WebSite\",\"@id\":\"https:\/\/www.montespina.com\/fr\/#website\",\"url\":\"https:\/\/www.montespina.com\/fr\/\",\"name\":\"Hotel Montespina\",\"description\":\"\",\"potentialAction\":[{\"@type\":\"SearchAction\",\"target\":{\"@type\":\"EntryPoint\",\"urlTemplate\":\"https:\/\/www.montespina.com\/fr\/?s={search_term_string}\"},\"query-input\":\"required name=search_term_string\"}],\"inLanguage\":\"fr-FR\"}]}<\/script>\n<!-- \/ Yoast SEO plugin. -->","yoast_head_json":{"title":"O\u00f9 nous sommes &#183; Hotel Montespina &#183;","description":"L'H\u00f4tel Montespina b\u00e9n\u00e9ficie d'un emplacement strat\u00e9gique, \u00e0 seulement une courte distance du centre d'exposition de la Mostra d'Oltremare (\u00e0 500 m\u00e8tres de l'entr\u00e9e du parking de la Via Terracina) et de la Citt\u00e0 della Scienza (\u00e0 1,5 km), cette derni\u00e8re \u00e9tant non seulement connue comme un grand centre de congr\u00e8s, mais aussi comme une institution d\u00e9di\u00e9e \u00e0 la diffusion des connaissances en science et technologie..","robots":{"index":"index","follow":"follow","max-snippet":"max-snippet:-1","max-image-preview":"max-image-preview:large","max-video-preview":"max-video-preview:-1"},"canonical":"https:\/\/www.montespina.com\/fr\/ou-nous-sommes\/","og_locale":"fr_FR","og_type":"article","og_title":"O\u00f9 nous sommes &#183; Hotel Montespina &#183;","og_description":"L'H\u00f4tel Montespina b\u00e9n\u00e9ficie d'un emplacement strat\u00e9gique, \u00e0 seulement une courte distance du centre d'exposition de la Mostra d'Oltremare (\u00e0 500 m\u00e8tres de l'entr\u00e9e du parking de la Via Terracina) et de la Citt\u00e0 della Scienza (\u00e0 1,5 km), cette derni\u00e8re \u00e9tant non seulement connue comme un grand centre de congr\u00e8s, mais aussi comme une institution d\u00e9di\u00e9e \u00e0 la diffusion des connaissances en science et technologie..","og_url":"https:\/\/www.montespina.com\/fr\/ou-nous-sommes\/","og_site_name":"Hotel Montespina","article_modified_time":"2024-04-12T14:16:40+00:00","twitter_card":"summary_large_image","twitter_misc":{"Dur\u00e9e de lecture estim\u00e9e":"1 minute"},"schema":{"@context":"https:\/\/schema.org","@graph":[{"@type":"WebPage","@id":"https:\/\/www.montespina.com\/fr\/ou-nous-sommes\/","url":"https:\/\/www.montespina.com\/fr\/ou-nous-sommes\/","name":"O\u00f9 nous sommes &#183; Hotel Montespina &#183;","isPartOf":{"@id":"https:\/\/www.montespina.com\/fr\/#website"},"datePublished":"2024-01-31T10:50:21+00:00","dateModified":"2024-04-12T14:16:40+00:00","description":"L'H\u00f4tel Montespina b\u00e9n\u00e9ficie d'un emplacement strat\u00e9gique, \u00e0 seulement une courte distance du centre d'exposition de la Mostra d'Oltremare (\u00e0 500 m\u00e8tres de l'entr\u00e9e du parking de la Via Terracina) et de la Citt\u00e0 della Scienza (\u00e0 1,5 km), cette derni\u00e8re \u00e9tant non seulement connue comme un grand centre de congr\u00e8s, mais aussi comme une institution d\u00e9di\u00e9e \u00e0 la diffusion des connaissances en science et technologie..","breadcrumb":{"@id":"https:\/\/www.montespina.com\/fr\/ou-nous-sommes\/#breadcrumb"},"inLanguage":"fr-FR","potentialAction":[{"@type":"ReadAction","target":["https:\/\/www.montespina.com\/fr\/ou-nous-sommes\/"]}]},{"@type":"BreadcrumbList","@id":"https:\/\/www.montespina.com\/fr\/ou-nous-sommes\/#breadcrumb","itemListElement":[{"@type":"ListItem","position":1,"name":"Home","item":"https:\/\/www.montespina.com\/fr\/"},{"@type":"ListItem","position":2,"name":"O\u00f9 nous sommes"}]},{"@type":"WebSite","@id":"https:\/\/www.montespina.com\/fr\/#website","url":"https:\/\/www.montespina.com\/fr\/","name":"Hotel Montespina","description":"","potentialAction":[{"@type":"SearchAction","target":{"@type":"EntryPoint","urlTemplate":"https:\/\/www.montespina.com\/fr\/?s={search_term_string}"},"query-input":"required name=search_term_string"}],"inLanguage":"fr-FR"}]}},"acf":[],"_links":{"self":[{"href":"https:\/\/www.montespina.com\/fr\/wp-json\/wp\/v2\/pages\/364"}],"collection":[{"href":"https:\/\/www.montespina.com\/fr\/wp-json\/wp\/v2\/pages"}],"about":[{"href":"https:\/\/www.montespina.com\/fr\/wp-json\/wp\/v2\/types\/page"}],"author":[{"embeddable":true,"href":"https:\/\/www.montespina.com\/fr\/wp-json\/wp\/v2\/users\/26"}],"replies":[{"embeddable":true,"href":"https:\/\/www.montespina.com\/fr\/wp-json\/wp\/v2\/comments?post=364"}],"version-history":[{"count":0,"href":"https:\/\/www.montespina.com\/fr\/wp-json\/wp\/v2\/pages\/364\/revisions"}],"wp:attachment":[{"href":"https:\/\/www.montespina.com\/fr\/wp-json\/wp\/v2\/media?parent=364"}],"curies":[{"name":"wp","href":"https:\/\/api.w.org\/{rel}","templated":true}]}}