{"id":356,"date":"2024-01-31T14:58:29","date_gmt":"2024-01-31T13:58:29","guid":{"rendered":"https:\/\/montespina.ms2.decms.eu\/?page_id=356"},"modified":"2024-04-12T15:56:49","modified_gmt":"2024-04-12T13:56:49","slug":"mariage","status":"publish","type":"page","link":"https:\/\/www.montespina.com\/fr\/mariage\/","title":{"rendered":"Mariage"},"content":{"rendered":"<p>Il cadre enchanteur de l&rsquo;H\u00f4tel Montespina est l&rsquo;endroit id\u00e9al pour rendre chaque \u00e9v\u00e9nement unique et sp\u00e9cial : le magnifique patio, le jardin romantique avec ses arbres centenaires, les espaces ext\u00e9rieurs et la superbe salle rendront votre journ\u00e9e sp\u00e9ciale inoubliable !<\/p>\n","protected":false},"excerpt":{"rendered":"<p>Il cadre enchanteur de l&rsquo;H\u00f4tel Montespina est l&rsquo;endroit id\u00e9al pour rendre chaque \u00e9v\u00e9nement unique et sp\u00e9cial : le magnifique patio, le jardin romantique avec ses arbres centenaires, les espaces ext\u00e9rieurs et la superbe salle rendront votre journ\u00e9e sp\u00e9ciale inoubliable !<\/p>\n","protected":false},"author":26,"featured_media":0,"parent":0,"menu_order":40,"comment_status":"closed","ping_status":"closed","template":"template-weddings.php","meta":{"footnotes":""},"class_list":["post-356","page","type-page","status-publish","hentry"],"yoast_head":"<!-- This site is optimized with the Yoast SEO plugin v27.3 - https:\/\/yoast.com\/product\/yoast-seo-wordpress\/ -->\n<title>Mariage &#183; Hotel Montespina &#183;<\/title>\n<meta name=\"description\" content=\"Il cadre enchanteur de l&#039;H\u00f4tel Montespina est l&#039;endroit id\u00e9al pour rendre chaque \u00e9v\u00e9nement unique et sp\u00e9cial : le magnifique patio, le jardin romantique avec ses arbres centenaires, les espaces ext\u00e9rieurs et la superbe salle rendront votre journ\u00e9e sp\u00e9ciale inoubliable !.\" \/>\n<meta name=\"robots\" content=\"index, follow, max-snippet:-1, max-image-preview:large, max-video-preview:-1\" \/>\n<link rel=\"canonical\" href=\"https:\/\/www.montespina.com\/fr\/mariage\/\" \/>\n<meta property=\"og:locale\" content=\"fr_FR\" \/>\n<meta property=\"og:type\" content=\"article\" \/>\n<meta property=\"og:title\" content=\"Mariage &#183; Hotel Montespina &#183;\" \/>\n<meta property=\"og:description\" content=\"Il cadre enchanteur de l&#039;H\u00f4tel Montespina est l&#039;endroit id\u00e9al pour rendre chaque \u00e9v\u00e9nement unique et sp\u00e9cial : le magnifique patio, le jardin romantique avec ses arbres centenaires, les espaces ext\u00e9rieurs et la superbe salle rendront votre journ\u00e9e sp\u00e9ciale inoubliable !.\" \/>\n<meta property=\"og:url\" content=\"https:\/\/www.montespina.com\/fr\/mariage\/\" \/>\n<meta property=\"og:site_name\" content=\"Hotel Montespina\" \/>\n<meta property=\"article:modified_time\" content=\"2024-04-12T13:56:49+00:00\" \/>\n<meta name=\"twitter:card\" content=\"summary_large_image\" \/>\n<meta name=\"twitter:label1\" content=\"Dur\u00e9e de lecture estim\u00e9e\" \/>\n\t<meta name=\"twitter:data1\" content=\"1 minute\" \/>\n<script type=\"application\/ld+json\" class=\"yoast-schema-graph\">{\"@context\":\"https:\\\/\\\/schema.org\",\"@graph\":[{\"@type\":\"WebPage\",\"@id\":\"https:\\\/\\\/www.montespina.com\\\/fr\\\/mariage\\\/\",\"url\":\"https:\\\/\\\/www.montespina.com\\\/fr\\\/mariage\\\/\",\"name\":\"Mariage &#183; Hotel Montespina &#183;\",\"isPartOf\":{\"@id\":\"https:\\\/\\\/www.montespina.com\\\/fr\\\/#website\"},\"datePublished\":\"2024-01-31T13:58:29+00:00\",\"dateModified\":\"2024-04-12T13:56:49+00:00\",\"description\":\"Il cadre enchanteur de l'H\u00f4tel Montespina est l'endroit id\u00e9al pour rendre chaque \u00e9v\u00e9nement unique et sp\u00e9cial : le magnifique patio, le jardin romantique avec ses arbres centenaires, les espaces ext\u00e9rieurs et la superbe salle rendront votre journ\u00e9e sp\u00e9ciale inoubliable !.\",\"breadcrumb\":{\"@id\":\"https:\\\/\\\/www.montespina.com\\\/fr\\\/mariage\\\/#breadcrumb\"},\"inLanguage\":\"fr-FR\",\"potentialAction\":[{\"@type\":\"ReadAction\",\"target\":[\"https:\\\/\\\/www.montespina.com\\\/fr\\\/mariage\\\/\"]}]},{\"@type\":\"BreadcrumbList\",\"@id\":\"https:\\\/\\\/www.montespina.com\\\/fr\\\/mariage\\\/#breadcrumb\",\"itemListElement\":[{\"@type\":\"ListItem\",\"position\":1,\"name\":\"Home\",\"item\":\"https:\\\/\\\/www.montespina.com\\\/fr\\\/\"},{\"@type\":\"ListItem\",\"position\":2,\"name\":\"Mariage\"}]},{\"@type\":\"WebSite\",\"@id\":\"https:\\\/\\\/www.montespina.com\\\/fr\\\/#website\",\"url\":\"https:\\\/\\\/www.montespina.com\\\/fr\\\/\",\"name\":\"Hotel Montespina\",\"description\":\"\",\"potentialAction\":[{\"@type\":\"SearchAction\",\"target\":{\"@type\":\"EntryPoint\",\"urlTemplate\":\"https:\\\/\\\/www.montespina.com\\\/fr\\\/?s={search_term_string}\"},\"query-input\":{\"@type\":\"PropertyValueSpecification\",\"valueRequired\":true,\"valueName\":\"search_term_string\"}}],\"inLanguage\":\"fr-FR\"}]}<\/script>\n<!-- \/ Yoast SEO plugin. -->","yoast_head_json":{"title":"Mariage &#183; Hotel Montespina &#183;","description":"Il cadre enchanteur de l'H\u00f4tel Montespina est l'endroit id\u00e9al pour rendre chaque \u00e9v\u00e9nement unique et sp\u00e9cial : le magnifique patio, le jardin romantique avec ses arbres centenaires, les espaces ext\u00e9rieurs et la superbe salle rendront votre journ\u00e9e sp\u00e9ciale inoubliable !.","robots":{"index":"index","follow":"follow","max-snippet":"max-snippet:-1","max-image-preview":"max-image-preview:large","max-video-preview":"max-video-preview:-1"},"canonical":"https:\/\/www.montespina.com\/fr\/mariage\/","og_locale":"fr_FR","og_type":"article","og_title":"Mariage &#183; Hotel Montespina &#183;","og_description":"Il cadre enchanteur de l'H\u00f4tel Montespina est l'endroit id\u00e9al pour rendre chaque \u00e9v\u00e9nement unique et sp\u00e9cial : le magnifique patio, le jardin romantique avec ses arbres centenaires, les espaces ext\u00e9rieurs et la superbe salle rendront votre journ\u00e9e sp\u00e9ciale inoubliable !.","og_url":"https:\/\/www.montespina.com\/fr\/mariage\/","og_site_name":"Hotel Montespina","article_modified_time":"2024-04-12T13:56:49+00:00","twitter_card":"summary_large_image","twitter_misc":{"Dur\u00e9e de lecture estim\u00e9e":"1 minute"},"schema":{"@context":"https:\/\/schema.org","@graph":[{"@type":"WebPage","@id":"https:\/\/www.montespina.com\/fr\/mariage\/","url":"https:\/\/www.montespina.com\/fr\/mariage\/","name":"Mariage &#183; Hotel Montespina &#183;","isPartOf":{"@id":"https:\/\/www.montespina.com\/fr\/#website"},"datePublished":"2024-01-31T13:58:29+00:00","dateModified":"2024-04-12T13:56:49+00:00","description":"Il cadre enchanteur de l'H\u00f4tel Montespina est l'endroit id\u00e9al pour rendre chaque \u00e9v\u00e9nement unique et sp\u00e9cial : le magnifique patio, le jardin romantique avec ses arbres centenaires, les espaces ext\u00e9rieurs et la superbe salle rendront votre journ\u00e9e sp\u00e9ciale inoubliable !.","breadcrumb":{"@id":"https:\/\/www.montespina.com\/fr\/mariage\/#breadcrumb"},"inLanguage":"fr-FR","potentialAction":[{"@type":"ReadAction","target":["https:\/\/www.montespina.com\/fr\/mariage\/"]}]},{"@type":"BreadcrumbList","@id":"https:\/\/www.montespina.com\/fr\/mariage\/#breadcrumb","itemListElement":[{"@type":"ListItem","position":1,"name":"Home","item":"https:\/\/www.montespina.com\/fr\/"},{"@type":"ListItem","position":2,"name":"Mariage"}]},{"@type":"WebSite","@id":"https:\/\/www.montespina.com\/fr\/#website","url":"https:\/\/www.montespina.com\/fr\/","name":"Hotel Montespina","description":"","potentialAction":[{"@type":"SearchAction","target":{"@type":"EntryPoint","urlTemplate":"https:\/\/www.montespina.com\/fr\/?s={search_term_string}"},"query-input":{"@type":"PropertyValueSpecification","valueRequired":true,"valueName":"search_term_string"}}],"inLanguage":"fr-FR"}]}},"acf":[],"_links":{"self":[{"href":"https:\/\/www.montespina.com\/fr\/wp-json\/wp\/v2\/pages\/356","targetHints":{"allow":["GET"]}}],"collection":[{"href":"https:\/\/www.montespina.com\/fr\/wp-json\/wp\/v2\/pages"}],"about":[{"href":"https:\/\/www.montespina.com\/fr\/wp-json\/wp\/v2\/types\/page"}],"author":[{"embeddable":true,"href":"https:\/\/www.montespina.com\/fr\/wp-json\/wp\/v2\/users\/26"}],"replies":[{"embeddable":true,"href":"https:\/\/www.montespina.com\/fr\/wp-json\/wp\/v2\/comments?post=356"}],"version-history":[{"count":0,"href":"https:\/\/www.montespina.com\/fr\/wp-json\/wp\/v2\/pages\/356\/revisions"}],"wp:attachment":[{"href":"https:\/\/www.montespina.com\/fr\/wp-json\/wp\/v2\/media?parent=356"}],"curies":[{"name":"wp","href":"https:\/\/api.w.org\/{rel}","templated":true}]}}