{"id":308,"date":"2024-01-31T11:40:16","date_gmt":"2024-01-31T10:40:16","guid":{"rendered":"https:\/\/montespina.ms2.decms.eu\/?page_id=308"},"modified":"2024-04-03T17:37:22","modified_gmt":"2024-04-03T15:37:22","slug":"congres","status":"publish","type":"page","link":"https:\/\/www.montespina.com\/fr\/congres\/","title":{"rendered":"Congres"},"content":{"rendered":"<p>Le complexe h\u00f4telier dispose de diff\u00e9rentes salles modernes et am\u00e9nag\u00e9es afin d\u2019accueillir tous types d\u2019\u00e9v\u00e8nementiels, des pr\u00e9sentations de produits aux congr\u00e8s en passant par les r\u00e9unions d\u2019entreprises. La plus grande salle a une capacit\u00e9 d\u2019accueil d\u2019environ 200 personnes et offre un d\u00e9cor \u00e9l\u00e9gant et moderne.<\/p>\n","protected":false},"excerpt":{"rendered":"<p>Le complexe h\u00f4telier dispose de diff\u00e9rentes salles modernes et am\u00e9nag\u00e9es afin d\u2019accueillir tous types d\u2019\u00e9v\u00e8nementiels, des pr\u00e9sentations de produits aux congr\u00e8s en passant par les r\u00e9unions d\u2019entreprises. La plus grande salle a une capacit\u00e9 d\u2019accueil d\u2019environ 200 personnes et offre un d\u00e9cor \u00e9l\u00e9gant et moderne.<\/p>\n","protected":false},"author":26,"featured_media":0,"parent":0,"menu_order":40,"comment_status":"closed","ping_status":"closed","template":"template-meeting.php","meta":{"footnotes":""},"yoast_head":"<!-- This site is optimized with the Yoast SEO plugin v22.3 - https:\/\/yoast.com\/wordpress\/plugins\/seo\/ -->\n<title>Congres &#183; Hotel Montespina &#183;<\/title>\n<meta name=\"description\" content=\"Le complexe h\u00f4telier dispose de diff\u00e9rentes salles modernes et am\u00e9nag\u00e9es afin d\u2019accueillir tous types d\u2019\u00e9v\u00e8nementiels, des pr\u00e9sentations de produits aux congr\u00e8s en passant par les r\u00e9unions d\u2019entreprises. La plus grande salle a une capacit\u00e9 d\u2019accueil d\u2019environ 200 personnes et offre un d\u00e9cor \u00e9l\u00e9gant et moderne.\" \/>\n<meta name=\"robots\" content=\"index, follow, max-snippet:-1, max-image-preview:large, max-video-preview:-1\" \/>\n<link rel=\"canonical\" href=\"https:\/\/www.montespina.com\/fr\/congres\/\" \/>\n<meta property=\"og:locale\" content=\"fr_FR\" \/>\n<meta property=\"og:type\" content=\"article\" \/>\n<meta property=\"og:title\" content=\"Congres &#183; Hotel Montespina &#183;\" \/>\n<meta property=\"og:description\" content=\"Le complexe h\u00f4telier dispose de diff\u00e9rentes salles modernes et am\u00e9nag\u00e9es afin d\u2019accueillir tous types d\u2019\u00e9v\u00e8nementiels, des pr\u00e9sentations de produits aux congr\u00e8s en passant par les r\u00e9unions d\u2019entreprises. La plus grande salle a une capacit\u00e9 d\u2019accueil d\u2019environ 200 personnes et offre un d\u00e9cor \u00e9l\u00e9gant et moderne.\" \/>\n<meta property=\"og:url\" content=\"https:\/\/www.montespina.com\/fr\/congres\/\" \/>\n<meta property=\"og:site_name\" content=\"Hotel Montespina\" \/>\n<meta property=\"article:modified_time\" content=\"2024-04-03T15:37:22+00:00\" \/>\n<meta name=\"twitter:card\" content=\"summary_large_image\" \/>\n<meta name=\"twitter:label1\" content=\"Dur\u00e9e de lecture estim\u00e9e\" \/>\n\t<meta name=\"twitter:data1\" content=\"1 minute\" \/>\n<script type=\"application\/ld+json\" class=\"yoast-schema-graph\">{\"@context\":\"https:\/\/schema.org\",\"@graph\":[{\"@type\":\"WebPage\",\"@id\":\"https:\/\/www.montespina.com\/fr\/congres\/\",\"url\":\"https:\/\/www.montespina.com\/fr\/congres\/\",\"name\":\"Congres &#183; Hotel Montespina &#183;\",\"isPartOf\":{\"@id\":\"https:\/\/www.montespina.com\/fr\/#website\"},\"datePublished\":\"2024-01-31T10:40:16+00:00\",\"dateModified\":\"2024-04-03T15:37:22+00:00\",\"description\":\"Le complexe h\u00f4telier dispose de diff\u00e9rentes salles modernes et am\u00e9nag\u00e9es afin d\u2019accueillir tous types d\u2019\u00e9v\u00e8nementiels, des pr\u00e9sentations de produits aux congr\u00e8s en passant par les r\u00e9unions d\u2019entreprises. La plus grande salle a une capacit\u00e9 d\u2019accueil d\u2019environ 200 personnes et offre un d\u00e9cor \u00e9l\u00e9gant et moderne.\",\"breadcrumb\":{\"@id\":\"https:\/\/www.montespina.com\/fr\/congres\/#breadcrumb\"},\"inLanguage\":\"fr-FR\",\"potentialAction\":[{\"@type\":\"ReadAction\",\"target\":[\"https:\/\/www.montespina.com\/fr\/congres\/\"]}]},{\"@type\":\"BreadcrumbList\",\"@id\":\"https:\/\/www.montespina.com\/fr\/congres\/#breadcrumb\",\"itemListElement\":[{\"@type\":\"ListItem\",\"position\":1,\"name\":\"Home\",\"item\":\"https:\/\/www.montespina.com\/fr\/\"},{\"@type\":\"ListItem\",\"position\":2,\"name\":\"Congres\"}]},{\"@type\":\"WebSite\",\"@id\":\"https:\/\/www.montespina.com\/fr\/#website\",\"url\":\"https:\/\/www.montespina.com\/fr\/\",\"name\":\"Hotel Montespina\",\"description\":\"\",\"potentialAction\":[{\"@type\":\"SearchAction\",\"target\":{\"@type\":\"EntryPoint\",\"urlTemplate\":\"https:\/\/www.montespina.com\/fr\/?s={search_term_string}\"},\"query-input\":\"required name=search_term_string\"}],\"inLanguage\":\"fr-FR\"}]}<\/script>\n<!-- \/ Yoast SEO plugin. -->","yoast_head_json":{"title":"Congres &#183; Hotel Montespina &#183;","description":"Le complexe h\u00f4telier dispose de diff\u00e9rentes salles modernes et am\u00e9nag\u00e9es afin d\u2019accueillir tous types d\u2019\u00e9v\u00e8nementiels, des pr\u00e9sentations de produits aux congr\u00e8s en passant par les r\u00e9unions d\u2019entreprises. La plus grande salle a une capacit\u00e9 d\u2019accueil d\u2019environ 200 personnes et offre un d\u00e9cor \u00e9l\u00e9gant et moderne.","robots":{"index":"index","follow":"follow","max-snippet":"max-snippet:-1","max-image-preview":"max-image-preview:large","max-video-preview":"max-video-preview:-1"},"canonical":"https:\/\/www.montespina.com\/fr\/congres\/","og_locale":"fr_FR","og_type":"article","og_title":"Congres &#183; Hotel Montespina &#183;","og_description":"Le complexe h\u00f4telier dispose de diff\u00e9rentes salles modernes et am\u00e9nag\u00e9es afin d\u2019accueillir tous types d\u2019\u00e9v\u00e8nementiels, des pr\u00e9sentations de produits aux congr\u00e8s en passant par les r\u00e9unions d\u2019entreprises. La plus grande salle a une capacit\u00e9 d\u2019accueil d\u2019environ 200 personnes et offre un d\u00e9cor \u00e9l\u00e9gant et moderne.","og_url":"https:\/\/www.montespina.com\/fr\/congres\/","og_site_name":"Hotel Montespina","article_modified_time":"2024-04-03T15:37:22+00:00","twitter_card":"summary_large_image","twitter_misc":{"Dur\u00e9e de lecture estim\u00e9e":"1 minute"},"schema":{"@context":"https:\/\/schema.org","@graph":[{"@type":"WebPage","@id":"https:\/\/www.montespina.com\/fr\/congres\/","url":"https:\/\/www.montespina.com\/fr\/congres\/","name":"Congres &#183; Hotel Montespina &#183;","isPartOf":{"@id":"https:\/\/www.montespina.com\/fr\/#website"},"datePublished":"2024-01-31T10:40:16+00:00","dateModified":"2024-04-03T15:37:22+00:00","description":"Le complexe h\u00f4telier dispose de diff\u00e9rentes salles modernes et am\u00e9nag\u00e9es afin d\u2019accueillir tous types d\u2019\u00e9v\u00e8nementiels, des pr\u00e9sentations de produits aux congr\u00e8s en passant par les r\u00e9unions d\u2019entreprises. La plus grande salle a une capacit\u00e9 d\u2019accueil d\u2019environ 200 personnes et offre un d\u00e9cor \u00e9l\u00e9gant et moderne.","breadcrumb":{"@id":"https:\/\/www.montespina.com\/fr\/congres\/#breadcrumb"},"inLanguage":"fr-FR","potentialAction":[{"@type":"ReadAction","target":["https:\/\/www.montespina.com\/fr\/congres\/"]}]},{"@type":"BreadcrumbList","@id":"https:\/\/www.montespina.com\/fr\/congres\/#breadcrumb","itemListElement":[{"@type":"ListItem","position":1,"name":"Home","item":"https:\/\/www.montespina.com\/fr\/"},{"@type":"ListItem","position":2,"name":"Congres"}]},{"@type":"WebSite","@id":"https:\/\/www.montespina.com\/fr\/#website","url":"https:\/\/www.montespina.com\/fr\/","name":"Hotel Montespina","description":"","potentialAction":[{"@type":"SearchAction","target":{"@type":"EntryPoint","urlTemplate":"https:\/\/www.montespina.com\/fr\/?s={search_term_string}"},"query-input":"required name=search_term_string"}],"inLanguage":"fr-FR"}]}},"acf":[],"_links":{"self":[{"href":"https:\/\/www.montespina.com\/fr\/wp-json\/wp\/v2\/pages\/308"}],"collection":[{"href":"https:\/\/www.montespina.com\/fr\/wp-json\/wp\/v2\/pages"}],"about":[{"href":"https:\/\/www.montespina.com\/fr\/wp-json\/wp\/v2\/types\/page"}],"author":[{"embeddable":true,"href":"https:\/\/www.montespina.com\/fr\/wp-json\/wp\/v2\/users\/26"}],"replies":[{"embeddable":true,"href":"https:\/\/www.montespina.com\/fr\/wp-json\/wp\/v2\/comments?post=308"}],"version-history":[{"count":0,"href":"https:\/\/www.montespina.com\/fr\/wp-json\/wp\/v2\/pages\/308\/revisions"}],"wp:attachment":[{"href":"https:\/\/www.montespina.com\/fr\/wp-json\/wp\/v2\/media?parent=308"}],"curies":[{"name":"wp","href":"https:\/\/api.w.org\/{rel}","templated":true}]}}