{"id":282,"date":"2024-01-31T11:39:37","date_gmt":"2024-01-31T10:39:37","guid":{"rendered":"https:\/\/montespina.ms2.decms.eu\/?page_id=282"},"modified":"2024-04-03T17:27:26","modified_gmt":"2024-04-03T15:27:26","slug":"restaurant","status":"publish","type":"page","link":"https:\/\/www.montespina.com\/fr\/restaurant\/","title":{"rendered":"Restaurant"},"content":{"rendered":"<p>Le Montespina Park Hotel dispose d\u2019un restaurant offrant des menus toujours diff\u00e9rents, \u00e0 base de produits frais et naturels. Outre les plats traditionnels, le restaurant propose aussi d\u2019excellentes recettes de la cuisine m\u00e9diterran\u00e9enne et internationale.<\/p>\n<p>Les c\u00e9r\u00e9monies, les r\u00e9ceptions, les repas d\u2019affaires et les \u00e9v\u00e8nementiels b\u00e9n\u00e9ficieront, dans ce contexte parfait, d\u2019un d\u00e9cor d\u2019une rare beaut\u00e9.<\/p>\n<p>Le bar, avec son atmosph\u00e8re douillette, est l\u2019endroit id\u00e9al pour passer d\u2019agr\u00e9ables soir\u00e9es entre amis ou se reposer au cours de la journ\u00e9e.<\/p>\n","protected":false},"excerpt":{"rendered":"<p>Le Montespina Park Hotel dispose d\u2019un restaurant offrant des menus toujours diff\u00e9rents, \u00e0 base de produits frais et naturels. Outre les plats traditionnels, le restaurant propose aussi d\u2019excellentes recettes de la cuisine m\u00e9diterran\u00e9enne et internationale. Les c\u00e9r\u00e9monies, les r\u00e9ceptions, les repas d\u2019affaires et les \u00e9v\u00e8nementiels b\u00e9n\u00e9ficieront, dans ce contexte parfait, d\u2019un d\u00e9cor d\u2019une rare beaut\u00e9. [&hellip;]<\/p>\n","protected":false},"author":26,"featured_media":0,"parent":0,"menu_order":30,"comment_status":"closed","ping_status":"closed","template":"template-single-restaurant.php","meta":{"footnotes":""},"yoast_head":"<!-- This site is optimized with the Yoast SEO plugin v22.3 - https:\/\/yoast.com\/wordpress\/plugins\/seo\/ -->\n<title>Restaurant &#183; Hotel Montespina &#183;<\/title>\n<meta name=\"description\" content=\"Le Montespina Park Hotel dispose d\u2019un restaurant offrant des menus toujours diff\u00e9rents, \u00e0 base de produits frais et naturels. Outre les plats traditionnels, le restaurant propose aussi d\u2019excellentes recettes de la cuisine m\u00e9diterran\u00e9enne et internationale.  Les c\u00e9r\u00e9monies, les r\u00e9ceptions, les repas d\u2019affaires et les \u00e9v\u00e8nementiels b\u00e9n\u00e9ficieront, dans ce contexte parfait, d\u2019un d\u00e9cor d\u2019une rare beaut\u00e9.  Le bar, avec son atmosph\u00e8re douillette, est l\u2019endroit id\u00e9al pour passer d\u2019agr\u00e9ables soir\u00e9es entre amis ou se reposer au cours de la journ\u00e9e.\" \/>\n<meta name=\"robots\" content=\"index, follow, max-snippet:-1, max-image-preview:large, max-video-preview:-1\" \/>\n<link rel=\"canonical\" href=\"https:\/\/www.montespina.com\/fr\/restaurant\/\" \/>\n<meta property=\"og:locale\" content=\"fr_FR\" \/>\n<meta property=\"og:type\" content=\"article\" \/>\n<meta property=\"og:title\" content=\"Restaurant &#183; Hotel Montespina &#183;\" \/>\n<meta property=\"og:description\" content=\"Le Montespina Park Hotel dispose d\u2019un restaurant offrant des menus toujours diff\u00e9rents, \u00e0 base de produits frais et naturels. Outre les plats traditionnels, le restaurant propose aussi d\u2019excellentes recettes de la cuisine m\u00e9diterran\u00e9enne et internationale.  Les c\u00e9r\u00e9monies, les r\u00e9ceptions, les repas d\u2019affaires et les \u00e9v\u00e8nementiels b\u00e9n\u00e9ficieront, dans ce contexte parfait, d\u2019un d\u00e9cor d\u2019une rare beaut\u00e9.  Le bar, avec son atmosph\u00e8re douillette, est l\u2019endroit id\u00e9al pour passer d\u2019agr\u00e9ables soir\u00e9es entre amis ou se reposer au cours de la journ\u00e9e.\" \/>\n<meta property=\"og:url\" content=\"https:\/\/www.montespina.com\/fr\/restaurant\/\" \/>\n<meta property=\"og:site_name\" content=\"Hotel Montespina\" \/>\n<meta property=\"article:modified_time\" content=\"2024-04-03T15:27:26+00:00\" \/>\n<meta name=\"twitter:card\" content=\"summary_large_image\" \/>\n<meta name=\"twitter:label1\" content=\"Dur\u00e9e de lecture estim\u00e9e\" \/>\n\t<meta name=\"twitter:data1\" content=\"1 minute\" \/>\n<script type=\"application\/ld+json\" class=\"yoast-schema-graph\">{\"@context\":\"https:\/\/schema.org\",\"@graph\":[{\"@type\":\"WebPage\",\"@id\":\"https:\/\/www.montespina.com\/fr\/restaurant\/\",\"url\":\"https:\/\/www.montespina.com\/fr\/restaurant\/\",\"name\":\"Restaurant &#183; Hotel Montespina &#183;\",\"isPartOf\":{\"@id\":\"https:\/\/www.montespina.com\/fr\/#website\"},\"datePublished\":\"2024-01-31T10:39:37+00:00\",\"dateModified\":\"2024-04-03T15:27:26+00:00\",\"description\":\"Le Montespina Park Hotel dispose d\u2019un restaurant offrant des menus toujours diff\u00e9rents, \u00e0 base de produits frais et naturels. Outre les plats traditionnels, le restaurant propose aussi d\u2019excellentes recettes de la cuisine m\u00e9diterran\u00e9enne et internationale. Les c\u00e9r\u00e9monies, les r\u00e9ceptions, les repas d\u2019affaires et les \u00e9v\u00e8nementiels b\u00e9n\u00e9ficieront, dans ce contexte parfait, d\u2019un d\u00e9cor d\u2019une rare beaut\u00e9. Le bar, avec son atmosph\u00e8re douillette, est l\u2019endroit id\u00e9al pour passer d\u2019agr\u00e9ables soir\u00e9es entre amis ou se reposer au cours de la journ\u00e9e.\",\"breadcrumb\":{\"@id\":\"https:\/\/www.montespina.com\/fr\/restaurant\/#breadcrumb\"},\"inLanguage\":\"fr-FR\",\"potentialAction\":[{\"@type\":\"ReadAction\",\"target\":[\"https:\/\/www.montespina.com\/fr\/restaurant\/\"]}]},{\"@type\":\"BreadcrumbList\",\"@id\":\"https:\/\/www.montespina.com\/fr\/restaurant\/#breadcrumb\",\"itemListElement\":[{\"@type\":\"ListItem\",\"position\":1,\"name\":\"Home\",\"item\":\"https:\/\/www.montespina.com\/fr\/\"},{\"@type\":\"ListItem\",\"position\":2,\"name\":\"Restaurant\"}]},{\"@type\":\"WebSite\",\"@id\":\"https:\/\/www.montespina.com\/fr\/#website\",\"url\":\"https:\/\/www.montespina.com\/fr\/\",\"name\":\"Hotel Montespina\",\"description\":\"\",\"potentialAction\":[{\"@type\":\"SearchAction\",\"target\":{\"@type\":\"EntryPoint\",\"urlTemplate\":\"https:\/\/www.montespina.com\/fr\/?s={search_term_string}\"},\"query-input\":\"required name=search_term_string\"}],\"inLanguage\":\"fr-FR\"}]}<\/script>\n<!-- \/ Yoast SEO plugin. -->","yoast_head_json":{"title":"Restaurant &#183; Hotel Montespina &#183;","description":"Le Montespina Park Hotel dispose d\u2019un restaurant offrant des menus toujours diff\u00e9rents, \u00e0 base de produits frais et naturels. Outre les plats traditionnels, le restaurant propose aussi d\u2019excellentes recettes de la cuisine m\u00e9diterran\u00e9enne et internationale.  Les c\u00e9r\u00e9monies, les r\u00e9ceptions, les repas d\u2019affaires et les \u00e9v\u00e8nementiels b\u00e9n\u00e9ficieront, dans ce contexte parfait, d\u2019un d\u00e9cor d\u2019une rare beaut\u00e9.  Le bar, avec son atmosph\u00e8re douillette, est l\u2019endroit id\u00e9al pour passer d\u2019agr\u00e9ables soir\u00e9es entre amis ou se reposer au cours de la journ\u00e9e.","robots":{"index":"index","follow":"follow","max-snippet":"max-snippet:-1","max-image-preview":"max-image-preview:large","max-video-preview":"max-video-preview:-1"},"canonical":"https:\/\/www.montespina.com\/fr\/restaurant\/","og_locale":"fr_FR","og_type":"article","og_title":"Restaurant &#183; Hotel Montespina &#183;","og_description":"Le Montespina Park Hotel dispose d\u2019un restaurant offrant des menus toujours diff\u00e9rents, \u00e0 base de produits frais et naturels. Outre les plats traditionnels, le restaurant propose aussi d\u2019excellentes recettes de la cuisine m\u00e9diterran\u00e9enne et internationale.  Les c\u00e9r\u00e9monies, les r\u00e9ceptions, les repas d\u2019affaires et les \u00e9v\u00e8nementiels b\u00e9n\u00e9ficieront, dans ce contexte parfait, d\u2019un d\u00e9cor d\u2019une rare beaut\u00e9.  Le bar, avec son atmosph\u00e8re douillette, est l\u2019endroit id\u00e9al pour passer d\u2019agr\u00e9ables soir\u00e9es entre amis ou se reposer au cours de la journ\u00e9e.","og_url":"https:\/\/www.montespina.com\/fr\/restaurant\/","og_site_name":"Hotel Montespina","article_modified_time":"2024-04-03T15:27:26+00:00","twitter_card":"summary_large_image","twitter_misc":{"Dur\u00e9e de lecture estim\u00e9e":"1 minute"},"schema":{"@context":"https:\/\/schema.org","@graph":[{"@type":"WebPage","@id":"https:\/\/www.montespina.com\/fr\/restaurant\/","url":"https:\/\/www.montespina.com\/fr\/restaurant\/","name":"Restaurant &#183; Hotel Montespina &#183;","isPartOf":{"@id":"https:\/\/www.montespina.com\/fr\/#website"},"datePublished":"2024-01-31T10:39:37+00:00","dateModified":"2024-04-03T15:27:26+00:00","description":"Le Montespina Park Hotel dispose d\u2019un restaurant offrant des menus toujours diff\u00e9rents, \u00e0 base de produits frais et naturels. Outre les plats traditionnels, le restaurant propose aussi d\u2019excellentes recettes de la cuisine m\u00e9diterran\u00e9enne et internationale. Les c\u00e9r\u00e9monies, les r\u00e9ceptions, les repas d\u2019affaires et les \u00e9v\u00e8nementiels b\u00e9n\u00e9ficieront, dans ce contexte parfait, d\u2019un d\u00e9cor d\u2019une rare beaut\u00e9. Le bar, avec son atmosph\u00e8re douillette, est l\u2019endroit id\u00e9al pour passer d\u2019agr\u00e9ables soir\u00e9es entre amis ou se reposer au cours de la journ\u00e9e.","breadcrumb":{"@id":"https:\/\/www.montespina.com\/fr\/restaurant\/#breadcrumb"},"inLanguage":"fr-FR","potentialAction":[{"@type":"ReadAction","target":["https:\/\/www.montespina.com\/fr\/restaurant\/"]}]},{"@type":"BreadcrumbList","@id":"https:\/\/www.montespina.com\/fr\/restaurant\/#breadcrumb","itemListElement":[{"@type":"ListItem","position":1,"name":"Home","item":"https:\/\/www.montespina.com\/fr\/"},{"@type":"ListItem","position":2,"name":"Restaurant"}]},{"@type":"WebSite","@id":"https:\/\/www.montespina.com\/fr\/#website","url":"https:\/\/www.montespina.com\/fr\/","name":"Hotel Montespina","description":"","potentialAction":[{"@type":"SearchAction","target":{"@type":"EntryPoint","urlTemplate":"https:\/\/www.montespina.com\/fr\/?s={search_term_string}"},"query-input":"required name=search_term_string"}],"inLanguage":"fr-FR"}]}},"acf":[],"_links":{"self":[{"href":"https:\/\/www.montespina.com\/fr\/wp-json\/wp\/v2\/pages\/282"}],"collection":[{"href":"https:\/\/www.montespina.com\/fr\/wp-json\/wp\/v2\/pages"}],"about":[{"href":"https:\/\/www.montespina.com\/fr\/wp-json\/wp\/v2\/types\/page"}],"author":[{"embeddable":true,"href":"https:\/\/www.montespina.com\/fr\/wp-json\/wp\/v2\/users\/26"}],"replies":[{"embeddable":true,"href":"https:\/\/www.montespina.com\/fr\/wp-json\/wp\/v2\/comments?post=282"}],"version-history":[{"count":0,"href":"https:\/\/www.montespina.com\/fr\/wp-json\/wp\/v2\/pages\/282\/revisions"}],"wp:attachment":[{"href":"https:\/\/www.montespina.com\/fr\/wp-json\/wp\/v2\/media?parent=282"}],"curies":[{"name":"wp","href":"https:\/\/api.w.org\/{rel}","templated":true}]}}