{"id":279,"date":"2024-01-31T11:38:20","date_gmt":"2024-01-31T10:38:20","guid":{"rendered":"https:\/\/montespina.ms2.decms.eu\/?page_id=279"},"modified":"2024-04-03T17:23:40","modified_gmt":"2024-04-03T15:23:40","slug":"chambres-et-suites","status":"publish","type":"page","link":"https:\/\/www.montespina.com\/fr\/chambres-et-suites\/","title":{"rendered":"Chambres et Suites"},"content":{"rendered":"<p>Les 70 chambres et Suite, meubl\u00e9es avec go\u00fbt, jouissent d\u2019une magnifique vue sur le Golf de Naples ou sur le parc. Elles sont \u00e9quip\u00e9es de sols en carrelage, d\u2019une fen\u00eatre, d\u2019un balcon ou d\u2019une petite terrasse, d\u2019une TV couleur satellitaire, d\u2019un t\u00e9l\u00e9phone, d\u2019un minibar, d\u2019un chauffage, de climatisation, d\u2019un t\u00e9l\u00e9phone avec ligne directe, d\u2019une connexion Internet (par c\u00e2ble ou sans fil) et d\u2019une salle de bain priv\u00e9e avec douche ou baignoire et set de courtoisie.<\/p>\n<p>Chambres disponibles: Double avec lits s\u00e9par\u00e9s, Double avec grand lit, Triple, Quadruple, Double utilisation Individuelle<\/p>\n","protected":false},"excerpt":{"rendered":"<p>Les 70 chambres et Suite, meubl\u00e9es avec go\u00fbt, jouissent d\u2019une magnifique vue sur le Golf de Naples ou sur le parc. Elles sont \u00e9quip\u00e9es de sols en carrelage, d\u2019une fen\u00eatre, d\u2019un balcon ou d\u2019une petite terrasse, d\u2019une TV couleur satellitaire, d\u2019un t\u00e9l\u00e9phone, d\u2019un minibar, d\u2019un chauffage, de climatisation, d\u2019un t\u00e9l\u00e9phone avec ligne directe, d\u2019une connexion [&hellip;]<\/p>\n","protected":false},"author":26,"featured_media":0,"parent":0,"menu_order":20,"comment_status":"closed","ping_status":"closed","template":"template-rooms.php","meta":{"footnotes":""},"yoast_head":"<!-- This site is optimized with the Yoast SEO plugin v22.3 - https:\/\/yoast.com\/wordpress\/plugins\/seo\/ -->\n<title>Chambres et Suites &#183; Hotel Montespina &#183;<\/title>\n<meta name=\"description\" content=\"Les 70 chambres et Suite, meubl\u00e9es avec go\u00fbt, jouissent d\u2019une magnifique vue sur le Golf de Naples ou sur le parc. Elles sont \u00e9quip\u00e9es de sols en carrelage, d\u2019une fen\u00eatre, d\u2019un balcon ou d\u2019une petite terrasse, d\u2019une TV couleur satellitaire, d\u2019un t\u00e9l\u00e9phone, d\u2019un minibar, d\u2019un chauffage, de climatisation, d\u2019un t\u00e9l\u00e9phone avec ligne directe, d\u2019une connexion Internet (par c\u00e2ble ou sans fil) et d\u2019une salle de bain priv\u00e9e avec douche ou baignoire et set de courtoisie.  Chambres disponibles: Double avec lits s\u00e9par\u00e9s, Double avec grand lit, Triple, Quadruple, Double utilisation Individuelle\" \/>\n<meta name=\"robots\" content=\"index, follow, max-snippet:-1, max-image-preview:large, max-video-preview:-1\" \/>\n<link rel=\"canonical\" href=\"https:\/\/www.montespina.com\/fr\/chambres-et-suites\/\" \/>\n<meta property=\"og:locale\" content=\"fr_FR\" \/>\n<meta property=\"og:type\" content=\"article\" \/>\n<meta property=\"og:title\" content=\"Chambres et Suites &#183; Hotel Montespina &#183;\" \/>\n<meta property=\"og:description\" content=\"Les 70 chambres et Suite, meubl\u00e9es avec go\u00fbt, jouissent d\u2019une magnifique vue sur le Golf de Naples ou sur le parc. Elles sont \u00e9quip\u00e9es de sols en carrelage, d\u2019une fen\u00eatre, d\u2019un balcon ou d\u2019une petite terrasse, d\u2019une TV couleur satellitaire, d\u2019un t\u00e9l\u00e9phone, d\u2019un minibar, d\u2019un chauffage, de climatisation, d\u2019un t\u00e9l\u00e9phone avec ligne directe, d\u2019une connexion Internet (par c\u00e2ble ou sans fil) et d\u2019une salle de bain priv\u00e9e avec douche ou baignoire et set de courtoisie.  Chambres disponibles: Double avec lits s\u00e9par\u00e9s, Double avec grand lit, Triple, Quadruple, Double utilisation Individuelle\" \/>\n<meta property=\"og:url\" content=\"https:\/\/www.montespina.com\/fr\/chambres-et-suites\/\" \/>\n<meta property=\"og:site_name\" content=\"Hotel Montespina\" \/>\n<meta property=\"article:modified_time\" content=\"2024-04-03T15:23:40+00:00\" \/>\n<meta name=\"twitter:card\" content=\"summary_large_image\" \/>\n<meta name=\"twitter:label1\" content=\"Dur\u00e9e de lecture estim\u00e9e\" \/>\n\t<meta name=\"twitter:data1\" content=\"1 minute\" \/>\n<script type=\"application\/ld+json\" class=\"yoast-schema-graph\">{\"@context\":\"https:\/\/schema.org\",\"@graph\":[{\"@type\":\"WebPage\",\"@id\":\"https:\/\/www.montespina.com\/fr\/chambres-et-suites\/\",\"url\":\"https:\/\/www.montespina.com\/fr\/chambres-et-suites\/\",\"name\":\"Chambres et Suites &#183; Hotel Montespina &#183;\",\"isPartOf\":{\"@id\":\"https:\/\/www.montespina.com\/fr\/#website\"},\"datePublished\":\"2024-01-31T10:38:20+00:00\",\"dateModified\":\"2024-04-03T15:23:40+00:00\",\"description\":\"Les 70 chambres et Suite, meubl\u00e9es avec go\u00fbt, jouissent d\u2019une magnifique vue sur le Golf de Naples ou sur le parc. Elles sont \u00e9quip\u00e9es de sols en carrelage, d\u2019une fen\u00eatre, d\u2019un balcon ou d\u2019une petite terrasse, d\u2019une TV couleur satellitaire, d\u2019un t\u00e9l\u00e9phone, d\u2019un minibar, d\u2019un chauffage, de climatisation, d\u2019un t\u00e9l\u00e9phone avec ligne directe, d\u2019une connexion Internet (par c\u00e2ble ou sans fil) et d\u2019une salle de bain priv\u00e9e avec douche ou baignoire et set de courtoisie. Chambres disponibles: Double avec lits s\u00e9par\u00e9s, Double avec grand lit, Triple, Quadruple, Double utilisation Individuelle\",\"breadcrumb\":{\"@id\":\"https:\/\/www.montespina.com\/fr\/chambres-et-suites\/#breadcrumb\"},\"inLanguage\":\"fr-FR\",\"potentialAction\":[{\"@type\":\"ReadAction\",\"target\":[\"https:\/\/www.montespina.com\/fr\/chambres-et-suites\/\"]}]},{\"@type\":\"BreadcrumbList\",\"@id\":\"https:\/\/www.montespina.com\/fr\/chambres-et-suites\/#breadcrumb\",\"itemListElement\":[{\"@type\":\"ListItem\",\"position\":1,\"name\":\"Home\",\"item\":\"https:\/\/www.montespina.com\/fr\/\"},{\"@type\":\"ListItem\",\"position\":2,\"name\":\"Chambres et Suites\"}]},{\"@type\":\"WebSite\",\"@id\":\"https:\/\/www.montespina.com\/fr\/#website\",\"url\":\"https:\/\/www.montespina.com\/fr\/\",\"name\":\"Hotel Montespina\",\"description\":\"\",\"potentialAction\":[{\"@type\":\"SearchAction\",\"target\":{\"@type\":\"EntryPoint\",\"urlTemplate\":\"https:\/\/www.montespina.com\/fr\/?s={search_term_string}\"},\"query-input\":\"required name=search_term_string\"}],\"inLanguage\":\"fr-FR\"}]}<\/script>\n<!-- \/ Yoast SEO plugin. -->","yoast_head_json":{"title":"Chambres et Suites &#183; Hotel Montespina &#183;","description":"Les 70 chambres et Suite, meubl\u00e9es avec go\u00fbt, jouissent d\u2019une magnifique vue sur le Golf de Naples ou sur le parc. Elles sont \u00e9quip\u00e9es de sols en carrelage, d\u2019une fen\u00eatre, d\u2019un balcon ou d\u2019une petite terrasse, d\u2019une TV couleur satellitaire, d\u2019un t\u00e9l\u00e9phone, d\u2019un minibar, d\u2019un chauffage, de climatisation, d\u2019un t\u00e9l\u00e9phone avec ligne directe, d\u2019une connexion Internet (par c\u00e2ble ou sans fil) et d\u2019une salle de bain priv\u00e9e avec douche ou baignoire et set de courtoisie.  Chambres disponibles: Double avec lits s\u00e9par\u00e9s, Double avec grand lit, Triple, Quadruple, Double utilisation Individuelle","robots":{"index":"index","follow":"follow","max-snippet":"max-snippet:-1","max-image-preview":"max-image-preview:large","max-video-preview":"max-video-preview:-1"},"canonical":"https:\/\/www.montespina.com\/fr\/chambres-et-suites\/","og_locale":"fr_FR","og_type":"article","og_title":"Chambres et Suites &#183; Hotel Montespina &#183;","og_description":"Les 70 chambres et Suite, meubl\u00e9es avec go\u00fbt, jouissent d\u2019une magnifique vue sur le Golf de Naples ou sur le parc. Elles sont \u00e9quip\u00e9es de sols en carrelage, d\u2019une fen\u00eatre, d\u2019un balcon ou d\u2019une petite terrasse, d\u2019une TV couleur satellitaire, d\u2019un t\u00e9l\u00e9phone, d\u2019un minibar, d\u2019un chauffage, de climatisation, d\u2019un t\u00e9l\u00e9phone avec ligne directe, d\u2019une connexion Internet (par c\u00e2ble ou sans fil) et d\u2019une salle de bain priv\u00e9e avec douche ou baignoire et set de courtoisie.  Chambres disponibles: Double avec lits s\u00e9par\u00e9s, Double avec grand lit, Triple, Quadruple, Double utilisation Individuelle","og_url":"https:\/\/www.montespina.com\/fr\/chambres-et-suites\/","og_site_name":"Hotel Montespina","article_modified_time":"2024-04-03T15:23:40+00:00","twitter_card":"summary_large_image","twitter_misc":{"Dur\u00e9e de lecture estim\u00e9e":"1 minute"},"schema":{"@context":"https:\/\/schema.org","@graph":[{"@type":"WebPage","@id":"https:\/\/www.montespina.com\/fr\/chambres-et-suites\/","url":"https:\/\/www.montespina.com\/fr\/chambres-et-suites\/","name":"Chambres et Suites &#183; Hotel Montespina &#183;","isPartOf":{"@id":"https:\/\/www.montespina.com\/fr\/#website"},"datePublished":"2024-01-31T10:38:20+00:00","dateModified":"2024-04-03T15:23:40+00:00","description":"Les 70 chambres et Suite, meubl\u00e9es avec go\u00fbt, jouissent d\u2019une magnifique vue sur le Golf de Naples ou sur le parc. Elles sont \u00e9quip\u00e9es de sols en carrelage, d\u2019une fen\u00eatre, d\u2019un balcon ou d\u2019une petite terrasse, d\u2019une TV couleur satellitaire, d\u2019un t\u00e9l\u00e9phone, d\u2019un minibar, d\u2019un chauffage, de climatisation, d\u2019un t\u00e9l\u00e9phone avec ligne directe, d\u2019une connexion Internet (par c\u00e2ble ou sans fil) et d\u2019une salle de bain priv\u00e9e avec douche ou baignoire et set de courtoisie. Chambres disponibles: Double avec lits s\u00e9par\u00e9s, Double avec grand lit, Triple, Quadruple, Double utilisation Individuelle","breadcrumb":{"@id":"https:\/\/www.montespina.com\/fr\/chambres-et-suites\/#breadcrumb"},"inLanguage":"fr-FR","potentialAction":[{"@type":"ReadAction","target":["https:\/\/www.montespina.com\/fr\/chambres-et-suites\/"]}]},{"@type":"BreadcrumbList","@id":"https:\/\/www.montespina.com\/fr\/chambres-et-suites\/#breadcrumb","itemListElement":[{"@type":"ListItem","position":1,"name":"Home","item":"https:\/\/www.montespina.com\/fr\/"},{"@type":"ListItem","position":2,"name":"Chambres et Suites"}]},{"@type":"WebSite","@id":"https:\/\/www.montespina.com\/fr\/#website","url":"https:\/\/www.montespina.com\/fr\/","name":"Hotel Montespina","description":"","potentialAction":[{"@type":"SearchAction","target":{"@type":"EntryPoint","urlTemplate":"https:\/\/www.montespina.com\/fr\/?s={search_term_string}"},"query-input":"required name=search_term_string"}],"inLanguage":"fr-FR"}]}},"acf":[],"_links":{"self":[{"href":"https:\/\/www.montespina.com\/fr\/wp-json\/wp\/v2\/pages\/279"}],"collection":[{"href":"https:\/\/www.montespina.com\/fr\/wp-json\/wp\/v2\/pages"}],"about":[{"href":"https:\/\/www.montespina.com\/fr\/wp-json\/wp\/v2\/types\/page"}],"author":[{"embeddable":true,"href":"https:\/\/www.montespina.com\/fr\/wp-json\/wp\/v2\/users\/26"}],"replies":[{"embeddable":true,"href":"https:\/\/www.montespina.com\/fr\/wp-json\/wp\/v2\/comments?post=279"}],"version-history":[{"count":0,"href":"https:\/\/www.montespina.com\/fr\/wp-json\/wp\/v2\/pages\/279\/revisions"}],"wp:attachment":[{"href":"https:\/\/www.montespina.com\/fr\/wp-json\/wp\/v2\/media?parent=279"}],"curies":[{"name":"wp","href":"https:\/\/api.w.org\/{rel}","templated":true}]}}