{"id":418,"date":"2024-01-31T18:10:27","date_gmt":"2024-01-31T17:10:27","guid":{"rendered":"https:\/\/montespina.ms2.decms.eu\/?page_id=418"},"modified":"2024-04-12T16:52:18","modified_gmt":"2024-04-12T14:52:18","slug":"suite-mit-schlafzimmer-wohnzimmer-balkon-und-whirlpool-im-freien","status":"publish","type":"page","link":"https:\/\/www.montespina.com\/de\/zimmer-und-suiten\/suite-mit-schlafzimmer-wohnzimmer-balkon-und-whirlpool-im-freien\/","title":{"rendered":"Suite mit Schlafzimmer"},"content":{"rendered":"<p>Die Suite mit Schlafzimmer, Wohnzimmer, Balkon und Whirlpool im Freien hat eine Fl\u00e4che von etwa 40 Quadratmetern. Sie befindet sich entlang des gr\u00fcnen Weges, der am Pool vorbeif\u00fchrt, und verf\u00fcgt \u00fcber einen gro\u00dfen Balkon mit Whirlpool im Freien. Au\u00dferdem bietet sie interne Klimaanlage, Minibar, Toilettenartikel, Flachbild-TV und WLAN-Verbindung.<\/p>\n","protected":false},"excerpt":{"rendered":"<p>Die Suite mit Schlafzimmer, Wohnzimmer, Balkon und Whirlpool im Freien hat eine Fl\u00e4che von etwa 40 Quadratmetern. Sie befindet sich entlang des gr\u00fcnen Weges, der am Pool vorbeif\u00fchrt, und verf\u00fcgt \u00fcber einen gro\u00dfen Balkon mit Whirlpool im Freien. Au\u00dferdem bietet sie interne Klimaanlage, Minibar, Toilettenartikel, Flachbild-TV und WLAN-Verbindung.<\/p>\n","protected":false},"author":26,"featured_media":0,"parent":280,"menu_order":80,"comment_status":"closed","ping_status":"closed","template":"template-single-room.php","meta":{"footnotes":""},"class_list":["post-418","page","type-page","status-publish","hentry"],"yoast_head":"<!-- This site is optimized with the Yoast SEO plugin v27.3 - https:\/\/yoast.com\/product\/yoast-seo-wordpress\/ -->\n<title>Suite mit Schlafzimmer &#183; Hotel Montespina &#183;<\/title>\n<meta name=\"description\" content=\"Die Suite mit Schlafzimmer, Wohnzimmer, Balkon und Whirlpool im Freien hat eine Fl\u00e4che von etwa 40 Quadratmetern. Sie befindet sich entlang des gr\u00fcnen Weges, der am Pool vorbeif\u00fchrt, und verf\u00fcgt \u00fcber einen gro\u00dfen Balkon mit Whirlpool im Freien\" \/>\n<meta name=\"robots\" content=\"index, follow, max-snippet:-1, max-image-preview:large, max-video-preview:-1\" \/>\n<link rel=\"canonical\" href=\"https:\/\/www.montespina.com\/de\/zimmer-und-suiten\/suite-mit-schlafzimmer-wohnzimmer-balkon-und-whirlpool-im-freien\/\" \/>\n<meta property=\"og:locale\" content=\"de_DE\" \/>\n<meta property=\"og:type\" content=\"article\" \/>\n<meta property=\"og:title\" content=\"Suite mit Schlafzimmer &#183; Hotel Montespina &#183;\" \/>\n<meta property=\"og:description\" content=\"Die Suite mit Schlafzimmer, Wohnzimmer, Balkon und Whirlpool im Freien hat eine Fl\u00e4che von etwa 40 Quadratmetern. Sie befindet sich entlang des gr\u00fcnen Weges, der am Pool vorbeif\u00fchrt, und verf\u00fcgt \u00fcber einen gro\u00dfen Balkon mit Whirlpool im Freien\" \/>\n<meta property=\"og:url\" content=\"https:\/\/www.montespina.com\/de\/zimmer-und-suiten\/suite-mit-schlafzimmer-wohnzimmer-balkon-und-whirlpool-im-freien\/\" \/>\n<meta property=\"og:site_name\" content=\"Hotel Montespina\" \/>\n<meta property=\"article:modified_time\" content=\"2024-04-12T14:52:18+00:00\" \/>\n<meta name=\"twitter:card\" content=\"summary_large_image\" \/>\n<meta name=\"twitter:label1\" content=\"Gesch\u00e4tzte Lesezeit\" \/>\n\t<meta name=\"twitter:data1\" content=\"1 Minute\" \/>\n<script type=\"application\/ld+json\" class=\"yoast-schema-graph\">{\"@context\":\"https:\\\/\\\/schema.org\",\"@graph\":[{\"@type\":\"WebPage\",\"@id\":\"https:\\\/\\\/www.montespina.com\\\/de\\\/zimmer-und-suiten\\\/suite-mit-schlafzimmer-wohnzimmer-balkon-und-whirlpool-im-freien\\\/\",\"url\":\"https:\\\/\\\/www.montespina.com\\\/de\\\/zimmer-und-suiten\\\/suite-mit-schlafzimmer-wohnzimmer-balkon-und-whirlpool-im-freien\\\/\",\"name\":\"Suite mit Schlafzimmer &#183; Hotel Montespina &#183;\",\"isPartOf\":{\"@id\":\"https:\\\/\\\/www.montespina.com\\\/de\\\/#website\"},\"datePublished\":\"2024-01-31T17:10:27+00:00\",\"dateModified\":\"2024-04-12T14:52:18+00:00\",\"description\":\"Die Suite mit Schlafzimmer, Wohnzimmer, Balkon und Whirlpool im Freien hat eine Fl\u00e4che von etwa 40 Quadratmetern. Sie befindet sich entlang des gr\u00fcnen Weges, der am Pool vorbeif\u00fchrt, und verf\u00fcgt \u00fcber einen gro\u00dfen Balkon mit Whirlpool im Freien\",\"breadcrumb\":{\"@id\":\"https:\\\/\\\/www.montespina.com\\\/de\\\/zimmer-und-suiten\\\/suite-mit-schlafzimmer-wohnzimmer-balkon-und-whirlpool-im-freien\\\/#breadcrumb\"},\"inLanguage\":\"de-DE\",\"potentialAction\":[{\"@type\":\"ReadAction\",\"target\":[\"https:\\\/\\\/www.montespina.com\\\/de\\\/zimmer-und-suiten\\\/suite-mit-schlafzimmer-wohnzimmer-balkon-und-whirlpool-im-freien\\\/\"]}]},{\"@type\":\"BreadcrumbList\",\"@id\":\"https:\\\/\\\/www.montespina.com\\\/de\\\/zimmer-und-suiten\\\/suite-mit-schlafzimmer-wohnzimmer-balkon-und-whirlpool-im-freien\\\/#breadcrumb\",\"itemListElement\":[{\"@type\":\"ListItem\",\"position\":1,\"name\":\"Home\",\"item\":\"https:\\\/\\\/www.montespina.com\\\/de\\\/\"},{\"@type\":\"ListItem\",\"position\":2,\"name\":\"Zimmer und Suiten\",\"item\":\"https:\\\/\\\/www.montespina.com\\\/de\\\/zimmer-und-suiten\\\/\"},{\"@type\":\"ListItem\",\"position\":3,\"name\":\"Suite mit Schlafzimmer\"}]},{\"@type\":\"WebSite\",\"@id\":\"https:\\\/\\\/www.montespina.com\\\/de\\\/#website\",\"url\":\"https:\\\/\\\/www.montespina.com\\\/de\\\/\",\"name\":\"Hotel Montespina\",\"description\":\"\",\"potentialAction\":[{\"@type\":\"SearchAction\",\"target\":{\"@type\":\"EntryPoint\",\"urlTemplate\":\"https:\\\/\\\/www.montespina.com\\\/de\\\/?s={search_term_string}\"},\"query-input\":{\"@type\":\"PropertyValueSpecification\",\"valueRequired\":true,\"valueName\":\"search_term_string\"}}],\"inLanguage\":\"de-DE\"}]}<\/script>\n<!-- \/ Yoast SEO plugin. -->","yoast_head_json":{"title":"Suite mit Schlafzimmer &#183; Hotel Montespina &#183;","description":"Die Suite mit Schlafzimmer, Wohnzimmer, Balkon und Whirlpool im Freien hat eine Fl\u00e4che von etwa 40 Quadratmetern. Sie befindet sich entlang des gr\u00fcnen Weges, der am Pool vorbeif\u00fchrt, und verf\u00fcgt \u00fcber einen gro\u00dfen Balkon mit Whirlpool im Freien","robots":{"index":"index","follow":"follow","max-snippet":"max-snippet:-1","max-image-preview":"max-image-preview:large","max-video-preview":"max-video-preview:-1"},"canonical":"https:\/\/www.montespina.com\/de\/zimmer-und-suiten\/suite-mit-schlafzimmer-wohnzimmer-balkon-und-whirlpool-im-freien\/","og_locale":"de_DE","og_type":"article","og_title":"Suite mit Schlafzimmer &#183; Hotel Montespina &#183;","og_description":"Die Suite mit Schlafzimmer, Wohnzimmer, Balkon und Whirlpool im Freien hat eine Fl\u00e4che von etwa 40 Quadratmetern. Sie befindet sich entlang des gr\u00fcnen Weges, der am Pool vorbeif\u00fchrt, und verf\u00fcgt \u00fcber einen gro\u00dfen Balkon mit Whirlpool im Freien","og_url":"https:\/\/www.montespina.com\/de\/zimmer-und-suiten\/suite-mit-schlafzimmer-wohnzimmer-balkon-und-whirlpool-im-freien\/","og_site_name":"Hotel Montespina","article_modified_time":"2024-04-12T14:52:18+00:00","twitter_card":"summary_large_image","twitter_misc":{"Gesch\u00e4tzte Lesezeit":"1 Minute"},"schema":{"@context":"https:\/\/schema.org","@graph":[{"@type":"WebPage","@id":"https:\/\/www.montespina.com\/de\/zimmer-und-suiten\/suite-mit-schlafzimmer-wohnzimmer-balkon-und-whirlpool-im-freien\/","url":"https:\/\/www.montespina.com\/de\/zimmer-und-suiten\/suite-mit-schlafzimmer-wohnzimmer-balkon-und-whirlpool-im-freien\/","name":"Suite mit Schlafzimmer &#183; Hotel Montespina &#183;","isPartOf":{"@id":"https:\/\/www.montespina.com\/de\/#website"},"datePublished":"2024-01-31T17:10:27+00:00","dateModified":"2024-04-12T14:52:18+00:00","description":"Die Suite mit Schlafzimmer, Wohnzimmer, Balkon und Whirlpool im Freien hat eine Fl\u00e4che von etwa 40 Quadratmetern. Sie befindet sich entlang des gr\u00fcnen Weges, der am Pool vorbeif\u00fchrt, und verf\u00fcgt \u00fcber einen gro\u00dfen Balkon mit Whirlpool im Freien","breadcrumb":{"@id":"https:\/\/www.montespina.com\/de\/zimmer-und-suiten\/suite-mit-schlafzimmer-wohnzimmer-balkon-und-whirlpool-im-freien\/#breadcrumb"},"inLanguage":"de-DE","potentialAction":[{"@type":"ReadAction","target":["https:\/\/www.montespina.com\/de\/zimmer-und-suiten\/suite-mit-schlafzimmer-wohnzimmer-balkon-und-whirlpool-im-freien\/"]}]},{"@type":"BreadcrumbList","@id":"https:\/\/www.montespina.com\/de\/zimmer-und-suiten\/suite-mit-schlafzimmer-wohnzimmer-balkon-und-whirlpool-im-freien\/#breadcrumb","itemListElement":[{"@type":"ListItem","position":1,"name":"Home","item":"https:\/\/www.montespina.com\/de\/"},{"@type":"ListItem","position":2,"name":"Zimmer und Suiten","item":"https:\/\/www.montespina.com\/de\/zimmer-und-suiten\/"},{"@type":"ListItem","position":3,"name":"Suite mit Schlafzimmer"}]},{"@type":"WebSite","@id":"https:\/\/www.montespina.com\/de\/#website","url":"https:\/\/www.montespina.com\/de\/","name":"Hotel Montespina","description":"","potentialAction":[{"@type":"SearchAction","target":{"@type":"EntryPoint","urlTemplate":"https:\/\/www.montespina.com\/de\/?s={search_term_string}"},"query-input":{"@type":"PropertyValueSpecification","valueRequired":true,"valueName":"search_term_string"}}],"inLanguage":"de-DE"}]}},"acf":[],"_links":{"self":[{"href":"https:\/\/www.montespina.com\/de\/wp-json\/wp\/v2\/pages\/418","targetHints":{"allow":["GET"]}}],"collection":[{"href":"https:\/\/www.montespina.com\/de\/wp-json\/wp\/v2\/pages"}],"about":[{"href":"https:\/\/www.montespina.com\/de\/wp-json\/wp\/v2\/types\/page"}],"author":[{"embeddable":true,"href":"https:\/\/www.montespina.com\/de\/wp-json\/wp\/v2\/users\/26"}],"replies":[{"embeddable":true,"href":"https:\/\/www.montespina.com\/de\/wp-json\/wp\/v2\/comments?post=418"}],"version-history":[{"count":0,"href":"https:\/\/www.montespina.com\/de\/wp-json\/wp\/v2\/pages\/418\/revisions"}],"up":[{"embeddable":true,"href":"https:\/\/www.montespina.com\/de\/wp-json\/wp\/v2\/pages\/280"}],"wp:attachment":[{"href":"https:\/\/www.montespina.com\/de\/wp-json\/wp\/v2\/media?parent=418"}],"curies":[{"name":"wp","href":"https:\/\/api.w.org\/{rel}","templated":true}]}}