{"id":412,"date":"2024-01-31T18:04:21","date_gmt":"2024-01-31T17:04:21","guid":{"rendered":"https:\/\/montespina.ms2.decms.eu\/?page_id=412"},"modified":"2024-04-12T16:44:08","modified_gmt":"2024-04-12T14:44:08","slug":"superior-doppelzimmer","status":"publish","type":"page","link":"https:\/\/www.montespina.com\/de\/zimmer-und-suiten\/superior-doppelzimmer\/","title":{"rendered":"Superior Doppel"},"content":{"rendered":"<p>Das Superior-Doppelzimmer ist ger\u00e4umig und gem\u00fctlich, mit einer Fl\u00e4che von 25-30 Quadratmetern. Es verf\u00fcgt \u00fcber Klimaanlage, Minibar, Toilettenartikel, Flachbild-TV und WLAN-Verbindung. Das Zimmer befindet sich im zentralen Teil des Hotels oder entlang des Weges, der am Pool vorbeif\u00fchrt und von Gr\u00fcn umgeben ist.<\/p>\n","protected":false},"excerpt":{"rendered":"<p>Das Superior-Doppelzimmer ist ger\u00e4umig und gem\u00fctlich, mit einer Fl\u00e4che von 25-30 Quadratmetern. Es verf\u00fcgt \u00fcber Klimaanlage, Minibar, Toilettenartikel, Flachbild-TV und WLAN-Verbindung. Das Zimmer befindet sich im zentralen Teil des Hotels oder entlang des Weges, der am Pool vorbeif\u00fchrt und von Gr\u00fcn umgeben ist.<\/p>\n","protected":false},"author":26,"featured_media":0,"parent":280,"menu_order":20,"comment_status":"closed","ping_status":"closed","template":"template-single-room.php","meta":{"footnotes":""},"yoast_head":"<!-- This site is optimized with the Yoast SEO plugin v22.3 - https:\/\/yoast.com\/wordpress\/plugins\/seo\/ -->\n<title>Superior Doppel &#183; Hotel Montespina &#183;<\/title>\n<meta name=\"description\" content=\"Das Superior-Doppelzimmer ist ger\u00e4umig und gem\u00fctlich, mit einer Fl\u00e4che von 25-30 Quadratmetern. Es verf\u00fcgt \u00fcber Klimaanlage, Minibar, Toilettenartikel, Flachbild-TV und WLAN-Verbindung\" \/>\n<meta name=\"robots\" content=\"index, follow, max-snippet:-1, max-image-preview:large, max-video-preview:-1\" \/>\n<link rel=\"canonical\" href=\"https:\/\/www.montespina.com\/de\/zimmer-und-suiten\/superior-doppelzimmer\/\" \/>\n<meta property=\"og:locale\" content=\"de_DE\" \/>\n<meta property=\"og:type\" content=\"article\" \/>\n<meta property=\"og:title\" content=\"Superior Doppel &#183; Hotel Montespina &#183;\" \/>\n<meta property=\"og:description\" content=\"Das Superior-Doppelzimmer ist ger\u00e4umig und gem\u00fctlich, mit einer Fl\u00e4che von 25-30 Quadratmetern. Es verf\u00fcgt \u00fcber Klimaanlage, Minibar, Toilettenartikel, Flachbild-TV und WLAN-Verbindung\" \/>\n<meta property=\"og:url\" content=\"https:\/\/www.montespina.com\/de\/zimmer-und-suiten\/superior-doppelzimmer\/\" \/>\n<meta property=\"og:site_name\" content=\"Hotel Montespina\" \/>\n<meta property=\"article:modified_time\" content=\"2024-04-12T14:44:08+00:00\" \/>\n<meta name=\"twitter:card\" content=\"summary_large_image\" \/>\n<meta name=\"twitter:label1\" content=\"Gesch\u00e4tzte Lesezeit\" \/>\n\t<meta name=\"twitter:data1\" content=\"1 Minute\" \/>\n<script type=\"application\/ld+json\" class=\"yoast-schema-graph\">{\"@context\":\"https:\/\/schema.org\",\"@graph\":[{\"@type\":\"WebPage\",\"@id\":\"https:\/\/www.montespina.com\/de\/zimmer-und-suiten\/superior-doppelzimmer\/\",\"url\":\"https:\/\/www.montespina.com\/de\/zimmer-und-suiten\/superior-doppelzimmer\/\",\"name\":\"Superior Doppel &#183; Hotel Montespina &#183;\",\"isPartOf\":{\"@id\":\"https:\/\/www.montespina.com\/de\/#website\"},\"datePublished\":\"2024-01-31T17:04:21+00:00\",\"dateModified\":\"2024-04-12T14:44:08+00:00\",\"description\":\"Das Superior-Doppelzimmer ist ger\u00e4umig und gem\u00fctlich, mit einer Fl\u00e4che von 25-30 Quadratmetern. Es verf\u00fcgt \u00fcber Klimaanlage, Minibar, Toilettenartikel, Flachbild-TV und WLAN-Verbindung\",\"breadcrumb\":{\"@id\":\"https:\/\/www.montespina.com\/de\/zimmer-und-suiten\/superior-doppelzimmer\/#breadcrumb\"},\"inLanguage\":\"de-DE\",\"potentialAction\":[{\"@type\":\"ReadAction\",\"target\":[\"https:\/\/www.montespina.com\/de\/zimmer-und-suiten\/superior-doppelzimmer\/\"]}]},{\"@type\":\"BreadcrumbList\",\"@id\":\"https:\/\/www.montespina.com\/de\/zimmer-und-suiten\/superior-doppelzimmer\/#breadcrumb\",\"itemListElement\":[{\"@type\":\"ListItem\",\"position\":1,\"name\":\"Home\",\"item\":\"https:\/\/www.montespina.com\/de\/\"},{\"@type\":\"ListItem\",\"position\":2,\"name\":\"Zimmer und Suiten\",\"item\":\"https:\/\/www.montespina.com\/de\/zimmer-und-suiten\/\"},{\"@type\":\"ListItem\",\"position\":3,\"name\":\"Superior Doppel\"}]},{\"@type\":\"WebSite\",\"@id\":\"https:\/\/www.montespina.com\/de\/#website\",\"url\":\"https:\/\/www.montespina.com\/de\/\",\"name\":\"Hotel Montespina\",\"description\":\"\",\"potentialAction\":[{\"@type\":\"SearchAction\",\"target\":{\"@type\":\"EntryPoint\",\"urlTemplate\":\"https:\/\/www.montespina.com\/de\/?s={search_term_string}\"},\"query-input\":\"required name=search_term_string\"}],\"inLanguage\":\"de-DE\"}]}<\/script>\n<!-- \/ Yoast SEO plugin. -->","yoast_head_json":{"title":"Superior Doppel &#183; Hotel Montespina &#183;","description":"Das Superior-Doppelzimmer ist ger\u00e4umig und gem\u00fctlich, mit einer Fl\u00e4che von 25-30 Quadratmetern. Es verf\u00fcgt \u00fcber Klimaanlage, Minibar, Toilettenartikel, Flachbild-TV und WLAN-Verbindung","robots":{"index":"index","follow":"follow","max-snippet":"max-snippet:-1","max-image-preview":"max-image-preview:large","max-video-preview":"max-video-preview:-1"},"canonical":"https:\/\/www.montespina.com\/de\/zimmer-und-suiten\/superior-doppelzimmer\/","og_locale":"de_DE","og_type":"article","og_title":"Superior Doppel &#183; Hotel Montespina &#183;","og_description":"Das Superior-Doppelzimmer ist ger\u00e4umig und gem\u00fctlich, mit einer Fl\u00e4che von 25-30 Quadratmetern. Es verf\u00fcgt \u00fcber Klimaanlage, Minibar, Toilettenartikel, Flachbild-TV und WLAN-Verbindung","og_url":"https:\/\/www.montespina.com\/de\/zimmer-und-suiten\/superior-doppelzimmer\/","og_site_name":"Hotel Montespina","article_modified_time":"2024-04-12T14:44:08+00:00","twitter_card":"summary_large_image","twitter_misc":{"Gesch\u00e4tzte Lesezeit":"1 Minute"},"schema":{"@context":"https:\/\/schema.org","@graph":[{"@type":"WebPage","@id":"https:\/\/www.montespina.com\/de\/zimmer-und-suiten\/superior-doppelzimmer\/","url":"https:\/\/www.montespina.com\/de\/zimmer-und-suiten\/superior-doppelzimmer\/","name":"Superior Doppel &#183; Hotel Montespina &#183;","isPartOf":{"@id":"https:\/\/www.montespina.com\/de\/#website"},"datePublished":"2024-01-31T17:04:21+00:00","dateModified":"2024-04-12T14:44:08+00:00","description":"Das Superior-Doppelzimmer ist ger\u00e4umig und gem\u00fctlich, mit einer Fl\u00e4che von 25-30 Quadratmetern. Es verf\u00fcgt \u00fcber Klimaanlage, Minibar, Toilettenartikel, Flachbild-TV und WLAN-Verbindung","breadcrumb":{"@id":"https:\/\/www.montespina.com\/de\/zimmer-und-suiten\/superior-doppelzimmer\/#breadcrumb"},"inLanguage":"de-DE","potentialAction":[{"@type":"ReadAction","target":["https:\/\/www.montespina.com\/de\/zimmer-und-suiten\/superior-doppelzimmer\/"]}]},{"@type":"BreadcrumbList","@id":"https:\/\/www.montespina.com\/de\/zimmer-und-suiten\/superior-doppelzimmer\/#breadcrumb","itemListElement":[{"@type":"ListItem","position":1,"name":"Home","item":"https:\/\/www.montespina.com\/de\/"},{"@type":"ListItem","position":2,"name":"Zimmer und Suiten","item":"https:\/\/www.montespina.com\/de\/zimmer-und-suiten\/"},{"@type":"ListItem","position":3,"name":"Superior Doppel"}]},{"@type":"WebSite","@id":"https:\/\/www.montespina.com\/de\/#website","url":"https:\/\/www.montespina.com\/de\/","name":"Hotel Montespina","description":"","potentialAction":[{"@type":"SearchAction","target":{"@type":"EntryPoint","urlTemplate":"https:\/\/www.montespina.com\/de\/?s={search_term_string}"},"query-input":"required name=search_term_string"}],"inLanguage":"de-DE"}]}},"acf":[],"_links":{"self":[{"href":"https:\/\/www.montespina.com\/de\/wp-json\/wp\/v2\/pages\/412"}],"collection":[{"href":"https:\/\/www.montespina.com\/de\/wp-json\/wp\/v2\/pages"}],"about":[{"href":"https:\/\/www.montespina.com\/de\/wp-json\/wp\/v2\/types\/page"}],"author":[{"embeddable":true,"href":"https:\/\/www.montespina.com\/de\/wp-json\/wp\/v2\/users\/26"}],"replies":[{"embeddable":true,"href":"https:\/\/www.montespina.com\/de\/wp-json\/wp\/v2\/comments?post=412"}],"version-history":[{"count":0,"href":"https:\/\/www.montespina.com\/de\/wp-json\/wp\/v2\/pages\/412\/revisions"}],"up":[{"embeddable":true,"href":"https:\/\/www.montespina.com\/de\/wp-json\/wp\/v2\/pages\/280"}],"wp:attachment":[{"href":"https:\/\/www.montespina.com\/de\/wp-json\/wp\/v2\/media?parent=412"}],"curies":[{"name":"wp","href":"https:\/\/api.w.org\/{rel}","templated":true}]}}