{"id":395,"date":"2024-01-31T18:02:30","date_gmt":"2024-01-31T17:02:30","guid":{"rendered":"https:\/\/montespina.ms2.decms.eu\/?page_id=395"},"modified":"2024-04-12T16:43:32","modified_gmt":"2024-04-12T14:43:32","slug":"standard-doppelzimmer","status":"publish","type":"page","link":"https:\/\/www.montespina.com\/de\/zimmer-und-suiten\/standard-doppelzimmer\/","title":{"rendered":"Standard Doppel"},"content":{"rendered":"<p>Das Standard-Doppelzimmer zeichnet sich durch warme und einladende Farbt\u00f6ne aus und hat eine Fl\u00e4che von 18-20 Quadratmetern. Es verf\u00fcgt \u00fcber Klimaanlage, Minibar, kostenlose Toilettenartikel, Flachbild-TV, WLAN-Verbindung und bietet einen Blick auf den Garten oder den Innenhof.<\/p>\n","protected":false},"excerpt":{"rendered":"<p>Das Standard-Doppelzimmer zeichnet sich durch warme und einladende Farbt\u00f6ne aus und hat eine Fl\u00e4che von 18-20 Quadratmetern. Es verf\u00fcgt \u00fcber Klimaanlage, Minibar, kostenlose Toilettenartikel, Flachbild-TV, WLAN-Verbindung und bietet einen Blick auf den Garten oder den Innenhof.<\/p>\n","protected":false},"author":26,"featured_media":0,"parent":280,"menu_order":10,"comment_status":"closed","ping_status":"closed","template":"template-single-room.php","meta":{"footnotes":""},"class_list":["post-395","page","type-page","status-publish","hentry"],"yoast_head":"<!-- This site is optimized with the Yoast SEO plugin v27.3 - https:\/\/yoast.com\/product\/yoast-seo-wordpress\/ -->\n<title>Standard Doppel &#183; Hotel Montespina &#183;<\/title>\n<meta name=\"description\" content=\"Das Standard-Doppelzimmer zeichnet sich durch warme und einladende Farbt\u00f6ne aus und hat eine Fl\u00e4che von 18-20 Quadratmetern. Es verf\u00fcgt \u00fcber Klimaanlage, Minibar, kostenlose Toilettenartikel, Flachbild-TV, WLAN-Verbindung und bietet einen Blick auf den Garten oder den Innenhof.\" \/>\n<meta name=\"robots\" content=\"index, follow, max-snippet:-1, max-image-preview:large, max-video-preview:-1\" \/>\n<link rel=\"canonical\" href=\"https:\/\/www.montespina.com\/de\/zimmer-und-suiten\/standard-doppelzimmer\/\" \/>\n<meta property=\"og:locale\" content=\"de_DE\" \/>\n<meta property=\"og:type\" content=\"article\" \/>\n<meta property=\"og:title\" content=\"Standard Doppel &#183; Hotel Montespina &#183;\" \/>\n<meta property=\"og:description\" content=\"Das Standard-Doppelzimmer zeichnet sich durch warme und einladende Farbt\u00f6ne aus und hat eine Fl\u00e4che von 18-20 Quadratmetern. Es verf\u00fcgt \u00fcber Klimaanlage, Minibar, kostenlose Toilettenartikel, Flachbild-TV, WLAN-Verbindung und bietet einen Blick auf den Garten oder den Innenhof.\" \/>\n<meta property=\"og:url\" content=\"https:\/\/www.montespina.com\/de\/zimmer-und-suiten\/standard-doppelzimmer\/\" \/>\n<meta property=\"og:site_name\" content=\"Hotel Montespina\" \/>\n<meta property=\"article:modified_time\" content=\"2024-04-12T14:43:32+00:00\" \/>\n<meta name=\"twitter:card\" content=\"summary_large_image\" \/>\n<meta name=\"twitter:label1\" content=\"Gesch\u00e4tzte Lesezeit\" \/>\n\t<meta name=\"twitter:data1\" content=\"1 Minute\" \/>\n<script type=\"application\/ld+json\" class=\"yoast-schema-graph\">{\"@context\":\"https:\\\/\\\/schema.org\",\"@graph\":[{\"@type\":\"WebPage\",\"@id\":\"https:\\\/\\\/www.montespina.com\\\/de\\\/zimmer-und-suiten\\\/standard-doppelzimmer\\\/\",\"url\":\"https:\\\/\\\/www.montespina.com\\\/de\\\/zimmer-und-suiten\\\/standard-doppelzimmer\\\/\",\"name\":\"Standard Doppel &#183; Hotel Montespina &#183;\",\"isPartOf\":{\"@id\":\"https:\\\/\\\/www.montespina.com\\\/de\\\/#website\"},\"datePublished\":\"2024-01-31T17:02:30+00:00\",\"dateModified\":\"2024-04-12T14:43:32+00:00\",\"description\":\"Das Standard-Doppelzimmer zeichnet sich durch warme und einladende Farbt\u00f6ne aus und hat eine Fl\u00e4che von 18-20 Quadratmetern. Es verf\u00fcgt \u00fcber Klimaanlage, Minibar, kostenlose Toilettenartikel, Flachbild-TV, WLAN-Verbindung und bietet einen Blick auf den Garten oder den Innenhof.\",\"breadcrumb\":{\"@id\":\"https:\\\/\\\/www.montespina.com\\\/de\\\/zimmer-und-suiten\\\/standard-doppelzimmer\\\/#breadcrumb\"},\"inLanguage\":\"de-DE\",\"potentialAction\":[{\"@type\":\"ReadAction\",\"target\":[\"https:\\\/\\\/www.montespina.com\\\/de\\\/zimmer-und-suiten\\\/standard-doppelzimmer\\\/\"]}]},{\"@type\":\"BreadcrumbList\",\"@id\":\"https:\\\/\\\/www.montespina.com\\\/de\\\/zimmer-und-suiten\\\/standard-doppelzimmer\\\/#breadcrumb\",\"itemListElement\":[{\"@type\":\"ListItem\",\"position\":1,\"name\":\"Home\",\"item\":\"https:\\\/\\\/www.montespina.com\\\/de\\\/\"},{\"@type\":\"ListItem\",\"position\":2,\"name\":\"Zimmer und Suiten\",\"item\":\"https:\\\/\\\/www.montespina.com\\\/de\\\/zimmer-und-suiten\\\/\"},{\"@type\":\"ListItem\",\"position\":3,\"name\":\"Standard Doppel\"}]},{\"@type\":\"WebSite\",\"@id\":\"https:\\\/\\\/www.montespina.com\\\/de\\\/#website\",\"url\":\"https:\\\/\\\/www.montespina.com\\\/de\\\/\",\"name\":\"Hotel Montespina\",\"description\":\"\",\"potentialAction\":[{\"@type\":\"SearchAction\",\"target\":{\"@type\":\"EntryPoint\",\"urlTemplate\":\"https:\\\/\\\/www.montespina.com\\\/de\\\/?s={search_term_string}\"},\"query-input\":{\"@type\":\"PropertyValueSpecification\",\"valueRequired\":true,\"valueName\":\"search_term_string\"}}],\"inLanguage\":\"de-DE\"}]}<\/script>\n<!-- \/ Yoast SEO plugin. -->","yoast_head_json":{"title":"Standard Doppel &#183; Hotel Montespina &#183;","description":"Das Standard-Doppelzimmer zeichnet sich durch warme und einladende Farbt\u00f6ne aus und hat eine Fl\u00e4che von 18-20 Quadratmetern. Es verf\u00fcgt \u00fcber Klimaanlage, Minibar, kostenlose Toilettenartikel, Flachbild-TV, WLAN-Verbindung und bietet einen Blick auf den Garten oder den Innenhof.","robots":{"index":"index","follow":"follow","max-snippet":"max-snippet:-1","max-image-preview":"max-image-preview:large","max-video-preview":"max-video-preview:-1"},"canonical":"https:\/\/www.montespina.com\/de\/zimmer-und-suiten\/standard-doppelzimmer\/","og_locale":"de_DE","og_type":"article","og_title":"Standard Doppel &#183; Hotel Montespina &#183;","og_description":"Das Standard-Doppelzimmer zeichnet sich durch warme und einladende Farbt\u00f6ne aus und hat eine Fl\u00e4che von 18-20 Quadratmetern. Es verf\u00fcgt \u00fcber Klimaanlage, Minibar, kostenlose Toilettenartikel, Flachbild-TV, WLAN-Verbindung und bietet einen Blick auf den Garten oder den Innenhof.","og_url":"https:\/\/www.montespina.com\/de\/zimmer-und-suiten\/standard-doppelzimmer\/","og_site_name":"Hotel Montespina","article_modified_time":"2024-04-12T14:43:32+00:00","twitter_card":"summary_large_image","twitter_misc":{"Gesch\u00e4tzte Lesezeit":"1 Minute"},"schema":{"@context":"https:\/\/schema.org","@graph":[{"@type":"WebPage","@id":"https:\/\/www.montespina.com\/de\/zimmer-und-suiten\/standard-doppelzimmer\/","url":"https:\/\/www.montespina.com\/de\/zimmer-und-suiten\/standard-doppelzimmer\/","name":"Standard Doppel &#183; Hotel Montespina &#183;","isPartOf":{"@id":"https:\/\/www.montespina.com\/de\/#website"},"datePublished":"2024-01-31T17:02:30+00:00","dateModified":"2024-04-12T14:43:32+00:00","description":"Das Standard-Doppelzimmer zeichnet sich durch warme und einladende Farbt\u00f6ne aus und hat eine Fl\u00e4che von 18-20 Quadratmetern. Es verf\u00fcgt \u00fcber Klimaanlage, Minibar, kostenlose Toilettenartikel, Flachbild-TV, WLAN-Verbindung und bietet einen Blick auf den Garten oder den Innenhof.","breadcrumb":{"@id":"https:\/\/www.montespina.com\/de\/zimmer-und-suiten\/standard-doppelzimmer\/#breadcrumb"},"inLanguage":"de-DE","potentialAction":[{"@type":"ReadAction","target":["https:\/\/www.montespina.com\/de\/zimmer-und-suiten\/standard-doppelzimmer\/"]}]},{"@type":"BreadcrumbList","@id":"https:\/\/www.montespina.com\/de\/zimmer-und-suiten\/standard-doppelzimmer\/#breadcrumb","itemListElement":[{"@type":"ListItem","position":1,"name":"Home","item":"https:\/\/www.montespina.com\/de\/"},{"@type":"ListItem","position":2,"name":"Zimmer und Suiten","item":"https:\/\/www.montespina.com\/de\/zimmer-und-suiten\/"},{"@type":"ListItem","position":3,"name":"Standard Doppel"}]},{"@type":"WebSite","@id":"https:\/\/www.montespina.com\/de\/#website","url":"https:\/\/www.montespina.com\/de\/","name":"Hotel Montespina","description":"","potentialAction":[{"@type":"SearchAction","target":{"@type":"EntryPoint","urlTemplate":"https:\/\/www.montespina.com\/de\/?s={search_term_string}"},"query-input":{"@type":"PropertyValueSpecification","valueRequired":true,"valueName":"search_term_string"}}],"inLanguage":"de-DE"}]}},"acf":[],"_links":{"self":[{"href":"https:\/\/www.montespina.com\/de\/wp-json\/wp\/v2\/pages\/395","targetHints":{"allow":["GET"]}}],"collection":[{"href":"https:\/\/www.montespina.com\/de\/wp-json\/wp\/v2\/pages"}],"about":[{"href":"https:\/\/www.montespina.com\/de\/wp-json\/wp\/v2\/types\/page"}],"author":[{"embeddable":true,"href":"https:\/\/www.montespina.com\/de\/wp-json\/wp\/v2\/users\/26"}],"replies":[{"embeddable":true,"href":"https:\/\/www.montespina.com\/de\/wp-json\/wp\/v2\/comments?post=395"}],"version-history":[{"count":0,"href":"https:\/\/www.montespina.com\/de\/wp-json\/wp\/v2\/pages\/395\/revisions"}],"up":[{"embeddable":true,"href":"https:\/\/www.montespina.com\/de\/wp-json\/wp\/v2\/pages\/280"}],"wp:attachment":[{"href":"https:\/\/www.montespina.com\/de\/wp-json\/wp\/v2\/media?parent=395"}],"curies":[{"name":"wp","href":"https:\/\/api.w.org\/{rel}","templated":true}]}}