{"id":309,"date":"2024-01-31T11:40:16","date_gmt":"2024-01-31T10:40:16","guid":{"rendered":"https:\/\/montespina.ms2.decms.eu\/?page_id=309"},"modified":"2024-04-03T17:36:57","modified_gmt":"2024-04-03T15:36:57","slug":"kongresses","status":"publish","type":"page","link":"https:\/\/www.montespina.com\/de\/kongresses\/","title":{"rendered":"Kongresses"},"content":{"rendered":"<p>Die modernen und professionell eingerichteten S\u00e4le des Hotelkomplexes k\u00f6nnen Events verschiedenster Natur beherbergen, vom Produktvorstellungen bis zu Tagungen, von betrieblichen Meetings bis zu ganzen Kongressen. Der gr\u00f6\u00dfte der S\u00e4le kann bis zu 200 Personen Platz bieten und gibt eine \u00fcberaus elegante und angemessene Kulisse ab.<\/p>\n","protected":false},"excerpt":{"rendered":"<p>Die modernen und professionell eingerichteten S\u00e4le des Hotelkomplexes k\u00f6nnen Events verschiedenster Natur beherbergen, vom Produktvorstellungen bis zu Tagungen, von betrieblichen Meetings bis zu ganzen Kongressen. Der gr\u00f6\u00dfte der S\u00e4le kann bis zu 200 Personen Platz bieten und gibt eine \u00fcberaus elegante und angemessene Kulisse ab.<\/p>\n","protected":false},"author":26,"featured_media":0,"parent":0,"menu_order":40,"comment_status":"closed","ping_status":"closed","template":"template-meeting.php","meta":{"footnotes":""},"yoast_head":"<!-- This site is optimized with the Yoast SEO plugin v22.3 - https:\/\/yoast.com\/wordpress\/plugins\/seo\/ -->\n<title>Kongresses &#183; Hotel Montespina &#183;<\/title>\n<meta name=\"description\" content=\"Die modernen und professionell eingerichteten S\u00e4le des Hotelkomplexes k\u00f6nnen Events verschiedenster Natur beherbergen, vom Produktvorstellungen bis zu Tagungen, von betrieblichen Meetings bis zu ganzen Kongressen. Der gr\u00f6\u00dfte der S\u00e4le kann bis zu 200 Personen Platz bieten und gibt eine \u00fcberaus elegante und angemessene Kulisse ab.\" \/>\n<meta name=\"robots\" content=\"index, follow, max-snippet:-1, max-image-preview:large, max-video-preview:-1\" \/>\n<link rel=\"canonical\" href=\"https:\/\/www.montespina.com\/de\/kongresses\/\" \/>\n<meta property=\"og:locale\" content=\"de_DE\" \/>\n<meta property=\"og:type\" content=\"article\" \/>\n<meta property=\"og:title\" content=\"Kongresses &#183; Hotel Montespina &#183;\" \/>\n<meta property=\"og:description\" content=\"Die modernen und professionell eingerichteten S\u00e4le des Hotelkomplexes k\u00f6nnen Events verschiedenster Natur beherbergen, vom Produktvorstellungen bis zu Tagungen, von betrieblichen Meetings bis zu ganzen Kongressen. Der gr\u00f6\u00dfte der S\u00e4le kann bis zu 200 Personen Platz bieten und gibt eine \u00fcberaus elegante und angemessene Kulisse ab.\" \/>\n<meta property=\"og:url\" content=\"https:\/\/www.montespina.com\/de\/kongresses\/\" \/>\n<meta property=\"og:site_name\" content=\"Hotel Montespina\" \/>\n<meta property=\"article:modified_time\" content=\"2024-04-03T15:36:57+00:00\" \/>\n<meta name=\"twitter:card\" content=\"summary_large_image\" \/>\n<meta name=\"twitter:label1\" content=\"Gesch\u00e4tzte Lesezeit\" \/>\n\t<meta name=\"twitter:data1\" content=\"1 Minute\" \/>\n<script type=\"application\/ld+json\" class=\"yoast-schema-graph\">{\"@context\":\"https:\/\/schema.org\",\"@graph\":[{\"@type\":\"WebPage\",\"@id\":\"https:\/\/www.montespina.com\/de\/kongresses\/\",\"url\":\"https:\/\/www.montespina.com\/de\/kongresses\/\",\"name\":\"Kongresses &#183; Hotel Montespina &#183;\",\"isPartOf\":{\"@id\":\"https:\/\/www.montespina.com\/de\/#website\"},\"datePublished\":\"2024-01-31T10:40:16+00:00\",\"dateModified\":\"2024-04-03T15:36:57+00:00\",\"description\":\"Die modernen und professionell eingerichteten S\u00e4le des Hotelkomplexes k\u00f6nnen Events verschiedenster Natur beherbergen, vom Produktvorstellungen bis zu Tagungen, von betrieblichen Meetings bis zu ganzen Kongressen. Der gr\u00f6\u00dfte der S\u00e4le kann bis zu 200 Personen Platz bieten und gibt eine \u00fcberaus elegante und angemessene Kulisse ab.\",\"breadcrumb\":{\"@id\":\"https:\/\/www.montespina.com\/de\/kongresses\/#breadcrumb\"},\"inLanguage\":\"de-DE\",\"potentialAction\":[{\"@type\":\"ReadAction\",\"target\":[\"https:\/\/www.montespina.com\/de\/kongresses\/\"]}]},{\"@type\":\"BreadcrumbList\",\"@id\":\"https:\/\/www.montespina.com\/de\/kongresses\/#breadcrumb\",\"itemListElement\":[{\"@type\":\"ListItem\",\"position\":1,\"name\":\"Home\",\"item\":\"https:\/\/www.montespina.com\/de\/\"},{\"@type\":\"ListItem\",\"position\":2,\"name\":\"Kongresses\"}]},{\"@type\":\"WebSite\",\"@id\":\"https:\/\/www.montespina.com\/de\/#website\",\"url\":\"https:\/\/www.montespina.com\/de\/\",\"name\":\"Hotel Montespina\",\"description\":\"\",\"potentialAction\":[{\"@type\":\"SearchAction\",\"target\":{\"@type\":\"EntryPoint\",\"urlTemplate\":\"https:\/\/www.montespina.com\/de\/?s={search_term_string}\"},\"query-input\":\"required name=search_term_string\"}],\"inLanguage\":\"de-DE\"}]}<\/script>\n<!-- \/ Yoast SEO plugin. -->","yoast_head_json":{"title":"Kongresses &#183; Hotel Montespina &#183;","description":"Die modernen und professionell eingerichteten S\u00e4le des Hotelkomplexes k\u00f6nnen Events verschiedenster Natur beherbergen, vom Produktvorstellungen bis zu Tagungen, von betrieblichen Meetings bis zu ganzen Kongressen. Der gr\u00f6\u00dfte der S\u00e4le kann bis zu 200 Personen Platz bieten und gibt eine \u00fcberaus elegante und angemessene Kulisse ab.","robots":{"index":"index","follow":"follow","max-snippet":"max-snippet:-1","max-image-preview":"max-image-preview:large","max-video-preview":"max-video-preview:-1"},"canonical":"https:\/\/www.montespina.com\/de\/kongresses\/","og_locale":"de_DE","og_type":"article","og_title":"Kongresses &#183; Hotel Montespina &#183;","og_description":"Die modernen und professionell eingerichteten S\u00e4le des Hotelkomplexes k\u00f6nnen Events verschiedenster Natur beherbergen, vom Produktvorstellungen bis zu Tagungen, von betrieblichen Meetings bis zu ganzen Kongressen. Der gr\u00f6\u00dfte der S\u00e4le kann bis zu 200 Personen Platz bieten und gibt eine \u00fcberaus elegante und angemessene Kulisse ab.","og_url":"https:\/\/www.montespina.com\/de\/kongresses\/","og_site_name":"Hotel Montespina","article_modified_time":"2024-04-03T15:36:57+00:00","twitter_card":"summary_large_image","twitter_misc":{"Gesch\u00e4tzte Lesezeit":"1 Minute"},"schema":{"@context":"https:\/\/schema.org","@graph":[{"@type":"WebPage","@id":"https:\/\/www.montespina.com\/de\/kongresses\/","url":"https:\/\/www.montespina.com\/de\/kongresses\/","name":"Kongresses &#183; Hotel Montespina &#183;","isPartOf":{"@id":"https:\/\/www.montespina.com\/de\/#website"},"datePublished":"2024-01-31T10:40:16+00:00","dateModified":"2024-04-03T15:36:57+00:00","description":"Die modernen und professionell eingerichteten S\u00e4le des Hotelkomplexes k\u00f6nnen Events verschiedenster Natur beherbergen, vom Produktvorstellungen bis zu Tagungen, von betrieblichen Meetings bis zu ganzen Kongressen. Der gr\u00f6\u00dfte der S\u00e4le kann bis zu 200 Personen Platz bieten und gibt eine \u00fcberaus elegante und angemessene Kulisse ab.","breadcrumb":{"@id":"https:\/\/www.montespina.com\/de\/kongresses\/#breadcrumb"},"inLanguage":"de-DE","potentialAction":[{"@type":"ReadAction","target":["https:\/\/www.montespina.com\/de\/kongresses\/"]}]},{"@type":"BreadcrumbList","@id":"https:\/\/www.montespina.com\/de\/kongresses\/#breadcrumb","itemListElement":[{"@type":"ListItem","position":1,"name":"Home","item":"https:\/\/www.montespina.com\/de\/"},{"@type":"ListItem","position":2,"name":"Kongresses"}]},{"@type":"WebSite","@id":"https:\/\/www.montespina.com\/de\/#website","url":"https:\/\/www.montespina.com\/de\/","name":"Hotel Montespina","description":"","potentialAction":[{"@type":"SearchAction","target":{"@type":"EntryPoint","urlTemplate":"https:\/\/www.montespina.com\/de\/?s={search_term_string}"},"query-input":"required name=search_term_string"}],"inLanguage":"de-DE"}]}},"acf":[],"_links":{"self":[{"href":"https:\/\/www.montespina.com\/de\/wp-json\/wp\/v2\/pages\/309"}],"collection":[{"href":"https:\/\/www.montespina.com\/de\/wp-json\/wp\/v2\/pages"}],"about":[{"href":"https:\/\/www.montespina.com\/de\/wp-json\/wp\/v2\/types\/page"}],"author":[{"embeddable":true,"href":"https:\/\/www.montespina.com\/de\/wp-json\/wp\/v2\/users\/26"}],"replies":[{"embeddable":true,"href":"https:\/\/www.montespina.com\/de\/wp-json\/wp\/v2\/comments?post=309"}],"version-history":[{"count":0,"href":"https:\/\/www.montespina.com\/de\/wp-json\/wp\/v2\/pages\/309\/revisions"}],"wp:attachment":[{"href":"https:\/\/www.montespina.com\/de\/wp-json\/wp\/v2\/media?parent=309"}],"curies":[{"name":"wp","href":"https:\/\/api.w.org\/{rel}","templated":true}]}}