{"id":283,"date":"2024-01-31T11:39:37","date_gmt":"2024-01-31T10:39:37","guid":{"rendered":"https:\/\/montespina.ms2.decms.eu\/?page_id=283"},"modified":"2024-04-03T17:27:59","modified_gmt":"2024-04-03T15:27:59","slug":"gaststaetten","status":"publish","type":"page","link":"https:\/\/www.montespina.com\/de\/gaststaetten\/","title":{"rendered":"Gastst\u00e4tten"},"content":{"rendered":"<p>Im Montespina Park Hotel erwartet Sie ein gastronomischer Service vom Feinsten, der jeden Tag neue Gerichte bereit h\u00e4lt und ausschlie\u00dflich Gebrauch von frischen und unbelassenen Produkten macht. Neben traditionell neapolitanischer K\u00fcche gibt es auch hervorragende Gerichte der Mittelmeerk\u00fcche im Allgemeinen sowie internationale Delikatessen zu kosten.<\/p>\n<p>F\u00fcr Feierlichkeiten, Empf\u00e4nge, betriebliche Essen und \u00fcberhaupt alle m\u00f6glichen Veranstaltungen finden Sie hier eine einmalige Location vor, die durch ihre Sch\u00f6nheit besticht.<\/p>\n<p>Die den ganzen Tag \u00fcber ge\u00f6ffnete gem\u00fctliche Bar ist ein geselliger Ort f\u00fcr ein Schw\u00e4tzchen, eignet sich aber auch zum Ausspannen.<\/p>\n","protected":false},"excerpt":{"rendered":"<p>Im Montespina Park Hotel erwartet Sie ein gastronomischer Service vom Feinsten, der jeden Tag neue Gerichte bereit h\u00e4lt und ausschlie\u00dflich Gebrauch von frischen und unbelassenen Produkten macht. Neben traditionell neapolitanischer K\u00fcche gibt es auch hervorragende Gerichte der Mittelmeerk\u00fcche im Allgemeinen sowie internationale Delikatessen zu kosten. F\u00fcr Feierlichkeiten, Empf\u00e4nge, betriebliche Essen und \u00fcberhaupt alle m\u00f6glichen Veranstaltungen [&hellip;]<\/p>\n","protected":false},"author":26,"featured_media":0,"parent":0,"menu_order":30,"comment_status":"closed","ping_status":"closed","template":"template-single-restaurant.php","meta":{"footnotes":""},"class_list":["post-283","page","type-page","status-publish","hentry"],"yoast_head":"<!-- This site is optimized with the Yoast SEO plugin v27.3 - https:\/\/yoast.com\/product\/yoast-seo-wordpress\/ -->\n<title>Gastst\u00e4tten &#183; Hotel Montespina &#183;<\/title>\n<meta name=\"description\" content=\"Im Montespina Park Hotel erwartet Sie ein gastronomischer Service vom Feinsten, der jeden Tag neue Gerichte bereit h\u00e4lt und ausschlie\u00dflich Gebrauch von frischen und unbelassenen Produkten macht. Neben traditionell neapolitanischer K\u00fcche gibt es auch hervorragende Gerichte der Mittelmeerk\u00fcche im Allgemeinen sowie internationale Delikatessen zu kosten.  F\u00fcr Feierlichkeiten, Empf\u00e4nge, betriebliche Essen und \u00fcberhaupt alle m\u00f6glichen Veranstaltungen finden Sie hier eine einmalige Location vor, die durch ihre Sch\u00f6nheit besticht.  Die den ganzen Tag \u00fcber ge\u00f6ffnete gem\u00fctliche Bar ist ein geselliger Ort f\u00fcr ein Schw\u00e4tzchen, eignet sich aber auch zum Ausspannen.\" \/>\n<meta name=\"robots\" content=\"index, follow, max-snippet:-1, max-image-preview:large, max-video-preview:-1\" \/>\n<link rel=\"canonical\" href=\"https:\/\/www.montespina.com\/de\/gaststaetten\/\" \/>\n<meta property=\"og:locale\" content=\"de_DE\" \/>\n<meta property=\"og:type\" content=\"article\" \/>\n<meta property=\"og:title\" content=\"Gastst\u00e4tten &#183; Hotel Montespina &#183;\" \/>\n<meta property=\"og:description\" content=\"Im Montespina Park Hotel erwartet Sie ein gastronomischer Service vom Feinsten, der jeden Tag neue Gerichte bereit h\u00e4lt und ausschlie\u00dflich Gebrauch von frischen und unbelassenen Produkten macht. Neben traditionell neapolitanischer K\u00fcche gibt es auch hervorragende Gerichte der Mittelmeerk\u00fcche im Allgemeinen sowie internationale Delikatessen zu kosten.  F\u00fcr Feierlichkeiten, Empf\u00e4nge, betriebliche Essen und \u00fcberhaupt alle m\u00f6glichen Veranstaltungen finden Sie hier eine einmalige Location vor, die durch ihre Sch\u00f6nheit besticht.  Die den ganzen Tag \u00fcber ge\u00f6ffnete gem\u00fctliche Bar ist ein geselliger Ort f\u00fcr ein Schw\u00e4tzchen, eignet sich aber auch zum Ausspannen.\" \/>\n<meta property=\"og:url\" content=\"https:\/\/www.montespina.com\/de\/gaststaetten\/\" \/>\n<meta property=\"og:site_name\" content=\"Hotel Montespina\" \/>\n<meta property=\"article:modified_time\" content=\"2024-04-03T15:27:59+00:00\" \/>\n<meta name=\"twitter:card\" content=\"summary_large_image\" \/>\n<meta name=\"twitter:label1\" content=\"Gesch\u00e4tzte Lesezeit\" \/>\n\t<meta name=\"twitter:data1\" content=\"1 Minute\" \/>\n<script type=\"application\/ld+json\" class=\"yoast-schema-graph\">{\"@context\":\"https:\\\/\\\/schema.org\",\"@graph\":[{\"@type\":\"WebPage\",\"@id\":\"https:\\\/\\\/www.montespina.com\\\/de\\\/gaststaetten\\\/\",\"url\":\"https:\\\/\\\/www.montespina.com\\\/de\\\/gaststaetten\\\/\",\"name\":\"Gastst\u00e4tten &#183; Hotel Montespina &#183;\",\"isPartOf\":{\"@id\":\"https:\\\/\\\/www.montespina.com\\\/de\\\/#website\"},\"datePublished\":\"2024-01-31T10:39:37+00:00\",\"dateModified\":\"2024-04-03T15:27:59+00:00\",\"description\":\"Im Montespina Park Hotel erwartet Sie ein gastronomischer Service vom Feinsten, der jeden Tag neue Gerichte bereit h\u00e4lt und ausschlie\u00dflich Gebrauch von frischen und unbelassenen Produkten macht. Neben traditionell neapolitanischer K\u00fcche gibt es auch hervorragende Gerichte der Mittelmeerk\u00fcche im Allgemeinen sowie internationale Delikatessen zu kosten. F\u00fcr Feierlichkeiten, Empf\u00e4nge, betriebliche Essen und \u00fcberhaupt alle m\u00f6glichen Veranstaltungen finden Sie hier eine einmalige Location vor, die durch ihre Sch\u00f6nheit besticht. Die den ganzen Tag \u00fcber ge\u00f6ffnete gem\u00fctliche Bar ist ein geselliger Ort f\u00fcr ein Schw\u00e4tzchen, eignet sich aber auch zum Ausspannen.\",\"breadcrumb\":{\"@id\":\"https:\\\/\\\/www.montespina.com\\\/de\\\/gaststaetten\\\/#breadcrumb\"},\"inLanguage\":\"de-DE\",\"potentialAction\":[{\"@type\":\"ReadAction\",\"target\":[\"https:\\\/\\\/www.montespina.com\\\/de\\\/gaststaetten\\\/\"]}]},{\"@type\":\"BreadcrumbList\",\"@id\":\"https:\\\/\\\/www.montespina.com\\\/de\\\/gaststaetten\\\/#breadcrumb\",\"itemListElement\":[{\"@type\":\"ListItem\",\"position\":1,\"name\":\"Home\",\"item\":\"https:\\\/\\\/www.montespina.com\\\/de\\\/\"},{\"@type\":\"ListItem\",\"position\":2,\"name\":\"Gastst\u00e4tten\"}]},{\"@type\":\"WebSite\",\"@id\":\"https:\\\/\\\/www.montespina.com\\\/de\\\/#website\",\"url\":\"https:\\\/\\\/www.montespina.com\\\/de\\\/\",\"name\":\"Hotel Montespina\",\"description\":\"\",\"potentialAction\":[{\"@type\":\"SearchAction\",\"target\":{\"@type\":\"EntryPoint\",\"urlTemplate\":\"https:\\\/\\\/www.montespina.com\\\/de\\\/?s={search_term_string}\"},\"query-input\":{\"@type\":\"PropertyValueSpecification\",\"valueRequired\":true,\"valueName\":\"search_term_string\"}}],\"inLanguage\":\"de-DE\"}]}<\/script>\n<!-- \/ Yoast SEO plugin. -->","yoast_head_json":{"title":"Gastst\u00e4tten &#183; Hotel Montespina &#183;","description":"Im Montespina Park Hotel erwartet Sie ein gastronomischer Service vom Feinsten, der jeden Tag neue Gerichte bereit h\u00e4lt und ausschlie\u00dflich Gebrauch von frischen und unbelassenen Produkten macht. Neben traditionell neapolitanischer K\u00fcche gibt es auch hervorragende Gerichte der Mittelmeerk\u00fcche im Allgemeinen sowie internationale Delikatessen zu kosten.  F\u00fcr Feierlichkeiten, Empf\u00e4nge, betriebliche Essen und \u00fcberhaupt alle m\u00f6glichen Veranstaltungen finden Sie hier eine einmalige Location vor, die durch ihre Sch\u00f6nheit besticht.  Die den ganzen Tag \u00fcber ge\u00f6ffnete gem\u00fctliche Bar ist ein geselliger Ort f\u00fcr ein Schw\u00e4tzchen, eignet sich aber auch zum Ausspannen.","robots":{"index":"index","follow":"follow","max-snippet":"max-snippet:-1","max-image-preview":"max-image-preview:large","max-video-preview":"max-video-preview:-1"},"canonical":"https:\/\/www.montespina.com\/de\/gaststaetten\/","og_locale":"de_DE","og_type":"article","og_title":"Gastst\u00e4tten &#183; Hotel Montespina &#183;","og_description":"Im Montespina Park Hotel erwartet Sie ein gastronomischer Service vom Feinsten, der jeden Tag neue Gerichte bereit h\u00e4lt und ausschlie\u00dflich Gebrauch von frischen und unbelassenen Produkten macht. Neben traditionell neapolitanischer K\u00fcche gibt es auch hervorragende Gerichte der Mittelmeerk\u00fcche im Allgemeinen sowie internationale Delikatessen zu kosten.  F\u00fcr Feierlichkeiten, Empf\u00e4nge, betriebliche Essen und \u00fcberhaupt alle m\u00f6glichen Veranstaltungen finden Sie hier eine einmalige Location vor, die durch ihre Sch\u00f6nheit besticht.  Die den ganzen Tag \u00fcber ge\u00f6ffnete gem\u00fctliche Bar ist ein geselliger Ort f\u00fcr ein Schw\u00e4tzchen, eignet sich aber auch zum Ausspannen.","og_url":"https:\/\/www.montespina.com\/de\/gaststaetten\/","og_site_name":"Hotel Montespina","article_modified_time":"2024-04-03T15:27:59+00:00","twitter_card":"summary_large_image","twitter_misc":{"Gesch\u00e4tzte Lesezeit":"1 Minute"},"schema":{"@context":"https:\/\/schema.org","@graph":[{"@type":"WebPage","@id":"https:\/\/www.montespina.com\/de\/gaststaetten\/","url":"https:\/\/www.montespina.com\/de\/gaststaetten\/","name":"Gastst\u00e4tten &#183; Hotel Montespina &#183;","isPartOf":{"@id":"https:\/\/www.montespina.com\/de\/#website"},"datePublished":"2024-01-31T10:39:37+00:00","dateModified":"2024-04-03T15:27:59+00:00","description":"Im Montespina Park Hotel erwartet Sie ein gastronomischer Service vom Feinsten, der jeden Tag neue Gerichte bereit h\u00e4lt und ausschlie\u00dflich Gebrauch von frischen und unbelassenen Produkten macht. Neben traditionell neapolitanischer K\u00fcche gibt es auch hervorragende Gerichte der Mittelmeerk\u00fcche im Allgemeinen sowie internationale Delikatessen zu kosten. F\u00fcr Feierlichkeiten, Empf\u00e4nge, betriebliche Essen und \u00fcberhaupt alle m\u00f6glichen Veranstaltungen finden Sie hier eine einmalige Location vor, die durch ihre Sch\u00f6nheit besticht. Die den ganzen Tag \u00fcber ge\u00f6ffnete gem\u00fctliche Bar ist ein geselliger Ort f\u00fcr ein Schw\u00e4tzchen, eignet sich aber auch zum Ausspannen.","breadcrumb":{"@id":"https:\/\/www.montespina.com\/de\/gaststaetten\/#breadcrumb"},"inLanguage":"de-DE","potentialAction":[{"@type":"ReadAction","target":["https:\/\/www.montespina.com\/de\/gaststaetten\/"]}]},{"@type":"BreadcrumbList","@id":"https:\/\/www.montespina.com\/de\/gaststaetten\/#breadcrumb","itemListElement":[{"@type":"ListItem","position":1,"name":"Home","item":"https:\/\/www.montespina.com\/de\/"},{"@type":"ListItem","position":2,"name":"Gastst\u00e4tten"}]},{"@type":"WebSite","@id":"https:\/\/www.montespina.com\/de\/#website","url":"https:\/\/www.montespina.com\/de\/","name":"Hotel Montespina","description":"","potentialAction":[{"@type":"SearchAction","target":{"@type":"EntryPoint","urlTemplate":"https:\/\/www.montespina.com\/de\/?s={search_term_string}"},"query-input":{"@type":"PropertyValueSpecification","valueRequired":true,"valueName":"search_term_string"}}],"inLanguage":"de-DE"}]}},"acf":[],"_links":{"self":[{"href":"https:\/\/www.montespina.com\/de\/wp-json\/wp\/v2\/pages\/283","targetHints":{"allow":["GET"]}}],"collection":[{"href":"https:\/\/www.montespina.com\/de\/wp-json\/wp\/v2\/pages"}],"about":[{"href":"https:\/\/www.montespina.com\/de\/wp-json\/wp\/v2\/types\/page"}],"author":[{"embeddable":true,"href":"https:\/\/www.montespina.com\/de\/wp-json\/wp\/v2\/users\/26"}],"replies":[{"embeddable":true,"href":"https:\/\/www.montespina.com\/de\/wp-json\/wp\/v2\/comments?post=283"}],"version-history":[{"count":0,"href":"https:\/\/www.montespina.com\/de\/wp-json\/wp\/v2\/pages\/283\/revisions"}],"wp:attachment":[{"href":"https:\/\/www.montespina.com\/de\/wp-json\/wp\/v2\/media?parent=283"}],"curies":[{"name":"wp","href":"https:\/\/api.w.org\/{rel}","templated":true}]}}